{"id":56654,"date":"2023-11-10T14:53:54","date_gmt":"2023-11-10T12:53:54","guid":{"rendered":"https:\/\/www.badetonneholz.de\/?post_type=product&#038;p=56654"},"modified":"2026-04-18T16:55:20","modified_gmt":"2026-04-18T14:55:20","slug":"acryl-badefass-quadratisch-holzbeheizt","status":"publish","type":"product","link":"https:\/\/www.badetonneholz.de\/ch\/shop\/acryl-badefass-quadratisch-holzbeheizt\/","title":{"rendered":"TimberIN Nordic Square\u2122 Acryl Badefass \u2013 mit externem oder integriertem Holzofen (Luxury Marmor Edition)"},"content":{"rendered":"<h2><strong>TimberIN Nordic Square\u2122 Acryl Badefass \u2013 mit externem oder integriertem Holzofen (Luxury Marmor Edition)<\/strong><\/h2>\n<p data-start=\"581\" data-end=\"752\">Das <strong data-start=\"585\" data-end=\"627\">TimberIN Nordic Square\u2122 Acryl Badefass<\/strong> kombiniert modernes Design mit traditioneller Holzbeheizung und bietet ein erstklassiges Wellness-Erlebnis f\u00fcr Ihren Garten.<\/p>\n<p data-start=\"754\" data-end=\"999\">Die hochwertige <strong data-start=\"770\" data-end=\"800\">Acrylwanne in Marmor-Optik<\/strong> sorgt f\u00fcr Langlebigkeit, einfache Pflege und ein elegantes Erscheinungsbild. Die quadratische Form bietet mehr Platz im Vergleich zu runden Modellen und ist ideal f\u00fcr Familien oder gesellige Abende.<\/p>\n<p data-start=\"1001\" data-end=\"1043\">Sie k\u00f6nnen zwischen zwei Varianten w\u00e4hlen:<\/p>\n<ul data-start=\"1044\" data-end=\"1228\">\n<li data-section-id=\"a5iecf\" data-start=\"1044\" data-end=\"1122\">\ud83d\udd25 <strong data-start=\"1049\" data-end=\"1070\">Externem Holzofen<\/strong> \u2013 mehr Platz im Inneren, klassisches Badeerlebnis<\/li>\n<li data-section-id=\"1padxo1\" data-start=\"1123\" data-end=\"1228\">\ud83d\udd25 <strong data-start=\"1128\" data-end=\"1153\">Integriertem Holzofen<\/strong> \u2013 kompakter Aufbau mit h\u00f6herer Effizienz und zus\u00e4tzlicher Elektroheizung<\/li>\n<\/ul>\n<p data-start=\"1230\" data-end=\"1354\">Beide Modelle verf\u00fcgen \u00fcber <strong data-start=\"1258\" data-end=\"1328\">Hydro- und Luftmassage, LED-Beleuchtung und Thermoholz-Verkleidung<\/strong> f\u00fcr maximale Entspannung.<\/p>\n<h2 data-section-id=\"5t2qrm\" data-start=\"1361\" data-end=\"1397\"><span role=\"text\">\ud83d\udd25 <strong data-start=\"1366\" data-end=\"1397\">MODELL 1: Externer Holzofen<\/strong><\/span><\/h2>\n<h2 data-section-id=\"wohfxl\" data-start=\"1399\" data-end=\"1415\">Hauptmerkmale<\/h2>\n<ul data-start=\"1416\" data-end=\"1644\">\n<li data-section-id=\"a2hs8p\" data-start=\"1416\" data-end=\"1475\">Gro\u00dfz\u00fcgiges quadratisches Badefass mit Acryl-Innenwanne<\/li>\n<li data-section-id=\"w64kp6\" data-start=\"1476\" data-end=\"1532\">Externer <strong data-start=\"1487\" data-end=\"1530\">30 kW Holzofen aus Edelstahl (AISI 304)<\/strong><\/li>\n<li data-section-id=\"laq9cw\" data-start=\"1533\" data-end=\"1561\">Mehr nutzbarer Innenraum<\/li>\n<li data-section-id=\"1l7ubxc\" data-start=\"1562\" data-end=\"1604\">Kombination aus Luft- und Hydromassage<\/li>\n<li data-section-id=\"wbylpr\" data-start=\"1605\" data-end=\"1644\">Thermoholz-Verkleidung in Anthrazit<\/li>\n<\/ul>\n<h2 data-section-id=\"ref92x\" data-start=\"1651\" data-end=\"1688\"><span role=\"text\">\ud83d\udcca <strong data-start=\"1657\" data-end=\"1688\">Ausstattung \u2013 Externer Ofen<\/strong><\/span><\/h2>\n<div class=\"TyagGW_tableContainer\">\n<div class=\"group TyagGW_tableWrapper flex flex-col-reverse w-fit\" tabindex=\"-1\">\n<table class=\"w-fit min-w-(--thread-content-width)\" data-start=\"1690\" data-end=\"2434\">\n<thead data-start=\"1690\" data-end=\"1719\">\n<tr data-start=\"1690\" data-end=\"1719\">\n<th class=\"\" data-start=\"1690\" data-end=\"1702\" data-col-size=\"sm\">Kategorie<\/th>\n<th class=\"\" data-start=\"1702\" data-end=\"1719\" data-col-size=\"md\">Spezifikation<\/th>\n<\/tr>\n<\/thead>\n<tbody data-start=\"1747\" data-end=\"2434\">\n<tr data-start=\"1747\" data-end=\"1807\">\n<td data-start=\"1747\" data-end=\"1758\" data-col-size=\"sm\"><strong data-start=\"1749\" data-end=\"1757\">Ma\u00dfe<\/strong><\/td>\n<td data-start=\"1758\" data-end=\"1807\" data-col-size=\"md\">Innen: 1700 \u00d7 1700 mm \/ Au\u00dfen: 2200 \u00d7 2200 mm<\/td>\n<\/tr>\n<tr data-start=\"1808\" data-end=\"1860\">\n<td data-start=\"1808\" data-end=\"1825\" data-col-size=\"sm\"><strong data-start=\"1810\" data-end=\"1824\">Innenwanne<\/strong><\/td>\n<td data-col-size=\"md\" data-start=\"1825\" data-end=\"1860\">Acryl, Marmor-Optik (hellbraun)<\/td>\n<\/tr>\n<tr data-start=\"1861\" data-end=\"1926\">\n<td data-start=\"1861\" data-end=\"1884\" data-col-size=\"sm\"><strong data-start=\"1863\" data-end=\"1883\">Au\u00dfenverkleidung<\/strong><\/td>\n<td data-start=\"1884\" data-end=\"1926\" data-col-size=\"md\">Thermoholz, Klasse AB, Farbe Anthrazit<\/td>\n<\/tr>\n<tr data-start=\"1927\" data-end=\"1986\">\n<td data-start=\"1927\" data-end=\"1938\" data-col-size=\"sm\"><strong data-start=\"1929\" data-end=\"1937\">Ofen<\/strong><\/td>\n<td data-start=\"1938\" data-end=\"1986\" data-col-size=\"md\">Externer Holzofen, 30 kW, Edelstahl AISI 304<\/td>\n<\/tr>\n<tr data-start=\"1987\" data-end=\"2048\">\n<td data-start=\"1987\" data-end=\"2003\" data-col-size=\"sm\"><strong data-start=\"1989\" data-end=\"2002\">Abdeckung<\/strong><\/td>\n<td data-col-size=\"md\" data-start=\"2003\" data-end=\"2048\">Isolierter Kunstleder-Deckel (dunkelgrau)<\/td>\n<\/tr>\n<tr data-start=\"2049\" data-end=\"2083\">\n<td data-start=\"2049\" data-end=\"2067\" data-col-size=\"sm\"><strong data-start=\"2051\" data-end=\"2066\">Luftmassage<\/strong><\/td>\n<td data-start=\"2067\" data-end=\"2083\" data-col-size=\"md\">12 Luftd\u00fcsen<\/td>\n<\/tr>\n<tr data-start=\"2084\" data-end=\"2120\">\n<td data-start=\"2084\" data-end=\"2103\" data-col-size=\"sm\"><strong data-start=\"2086\" data-end=\"2102\">Hydromassage<\/strong><\/td>\n<td data-start=\"2103\" data-end=\"2120\" data-col-size=\"md\">8 Wasserd\u00fcsen<\/td>\n<\/tr>\n<tr data-start=\"2121\" data-end=\"2150\">\n<td data-start=\"2121\" data-end=\"2139\" data-col-size=\"sm\"><strong data-start=\"2123\" data-end=\"2138\">Beleuchtung<\/strong><\/td>\n<td data-start=\"2139\" data-end=\"2150\" data-col-size=\"md\">2 \u00d7 LED<\/td>\n<\/tr>\n<tr data-start=\"2151\" data-end=\"2202\">\n<td data-start=\"2151\" data-end=\"2167\" data-col-size=\"sm\"><strong data-start=\"2153\" data-end=\"2166\">Steuerung<\/strong><\/td>\n<td data-start=\"2167\" data-end=\"2202\" data-col-size=\"md\">Touch-Bedienfeld (3 Funktionen)<\/td>\n<\/tr>\n<tr data-start=\"2203\" data-end=\"2250\">\n<td data-start=\"2203\" data-end=\"2220\" data-col-size=\"sm\"><strong data-start=\"2205\" data-end=\"2219\">Temperatur<\/strong><\/td>\n<td data-start=\"2220\" data-end=\"2250\" data-col-size=\"md\">Elektronisches Thermometer<\/td>\n<\/tr>\n<tr data-start=\"2251\" data-end=\"2286\">\n<td data-start=\"2251\" data-end=\"2264\" data-col-size=\"sm\"><strong data-start=\"2253\" data-end=\"2263\">Ablauf<\/strong><\/td>\n<td data-start=\"2264\" data-end=\"2286\" data-col-size=\"md\">Wasserablassventil<\/td>\n<\/tr>\n<tr data-start=\"2287\" data-end=\"2323\">\n<td data-start=\"2287\" data-end=\"2301\" data-col-size=\"sm\"><strong data-start=\"2289\" data-end=\"2300\">Treppen<\/strong><\/td>\n<td data-start=\"2301\" data-end=\"2323\" data-col-size=\"md\">Holztreppe Typ \u201eB\u201c<\/td>\n<\/tr>\n<tr data-start=\"2324\" data-end=\"2388\">\n<td data-start=\"2324\" data-end=\"2336\" data-col-size=\"sm\"><strong data-start=\"2326\" data-end=\"2335\">Audio<\/strong><\/td>\n<td data-start=\"2336\" data-end=\"2388\" data-col-size=\"md\">Soundsystem mit 2 versenkbaren LED-Lautsprechern<\/td>\n<\/tr>\n<tr data-start=\"2389\" data-end=\"2434\">\n<td data-start=\"2389\" data-end=\"2402\" data-col-size=\"sm\"><strong data-start=\"2391\" data-end=\"2401\">Extras<\/strong><\/td>\n<td data-start=\"2402\" data-end=\"2434\" data-col-size=\"md\">Getr\u00e4nkehalter aus Edelstahl<\/td>\n<\/tr>\n<\/tbody>\n<\/table>\n<\/div>\n<\/div>\n<h2 data-section-id=\"18zeh0b\" data-start=\"2441\" data-end=\"2498\"><span role=\"text\">\ud83d\udd25 <strong data-start=\"2446\" data-end=\"2498\">MODELL 2: Integrierter Holzofen (Horizon System)<\/strong><\/span><\/h2>\n<h2 data-section-id=\"wohfxl\" data-start=\"2500\" data-end=\"2516\">Hauptmerkmale<\/h2>\n<ul data-start=\"2517\" data-end=\"2747\">\n<li data-section-id=\"1xwchqk\" data-start=\"2517\" data-end=\"2575\">Integrierter <strong data-start=\"2532\" data-end=\"2573\">Horizon Holzofen (Edelstahl AISI 304)<\/strong><\/li>\n<li data-section-id=\"gh1pue\" data-start=\"2576\" data-end=\"2615\">Zus\u00e4tzliche <strong data-start=\"2590\" data-end=\"2613\">3 kW Elektroheizung<\/strong><\/li>\n<li data-section-id=\"dtc62b\" data-start=\"2616\" data-end=\"2670\">Hochwertige W\u00e4rmed\u00e4mmung f\u00fcr schnelleres Aufheizen<\/li>\n<li data-section-id=\"148z8n7\" data-start=\"2671\" data-end=\"2716\">St\u00e4rkere Massageleistung mit 16 Hydrojets<\/li>\n<li data-section-id=\"1ncr63y\" data-start=\"2717\" data-end=\"2747\">Erweiterte LED-Beleuchtung<\/li>\n<\/ul>\n<h2 data-section-id=\"1ue9u0w\" data-start=\"2754\" data-end=\"2795\"><span role=\"text\">\ud83d\udcca <strong data-start=\"2760\" data-end=\"2795\">Ausstattung \u2013 Integrierter Ofen<\/strong><\/span><\/h2>\n<div class=\"TyagGW_tableContainer\">\n<div class=\"group TyagGW_tableWrapper flex flex-col-reverse w-fit\" tabindex=\"-1\">\n<table class=\"w-fit min-w-(--thread-content-width)\" data-start=\"2797\" data-end=\"3661\">\n<thead data-start=\"2797\" data-end=\"2826\">\n<tr data-start=\"2797\" data-end=\"2826\">\n<th class=\"\" data-start=\"2797\" data-end=\"2809\" data-col-size=\"sm\">Kategorie<\/th>\n<th class=\"\" data-start=\"2809\" data-end=\"2826\" data-col-size=\"md\">Spezifikation<\/th>\n<\/tr>\n<\/thead>\n<tbody data-start=\"2854\" data-end=\"3661\">\n<tr data-start=\"2854\" data-end=\"2914\">\n<td data-start=\"2854\" data-end=\"2865\" data-col-size=\"sm\"><strong data-start=\"2856\" data-end=\"2864\">Ma\u00dfe<\/strong><\/td>\n<td data-start=\"2865\" data-end=\"2914\" data-col-size=\"md\">Innen: 1700 \u00d7 1700 mm \/ Au\u00dfen: 2200 \u00d7 2200 mm<\/td>\n<\/tr>\n<tr data-start=\"2915\" data-end=\"2962\">\n<td data-start=\"2915\" data-end=\"2932\" data-col-size=\"sm\"><strong data-start=\"2917\" data-end=\"2931\">Innenwanne<\/strong><\/td>\n<td data-start=\"2932\" data-end=\"2962\" data-col-size=\"md\">Acryl, Marmor-Optik (wei\u00df)<\/td>\n<\/tr>\n<tr data-start=\"2963\" data-end=\"3041\">\n<td data-start=\"2963\" data-end=\"2980\" data-col-size=\"sm\"><strong data-start=\"2965\" data-end=\"2979\">Isolierung<\/strong><\/td>\n<td data-start=\"2980\" data-end=\"3041\" data-col-size=\"md\">Polyurethanschaum (\u03bb 0,03 W\/m\u00b2, 80 % geschlossene Zellen)<\/td>\n<\/tr>\n<tr data-start=\"3042\" data-end=\"3108\">\n<td data-start=\"3042\" data-end=\"3065\" data-col-size=\"sm\"><strong data-start=\"3044\" data-end=\"3064\">Au\u00dfenverkleidung<\/strong><\/td>\n<td data-col-size=\"md\" data-start=\"3065\" data-end=\"3108\">Thermoholz, Klasse AB, Farbe Soft Brown<\/td>\n<\/tr>\n<tr data-start=\"3109\" data-end=\"3166\">\n<td data-start=\"3109\" data-end=\"3120\" data-col-size=\"sm\"><strong data-start=\"3111\" data-end=\"3119\">Ofen<\/strong><\/td>\n<td data-start=\"3120\" data-end=\"3166\" data-col-size=\"md\">Integrierter Holzofen \u201eHorizon\u201c, Edelstahl<\/td>\n<\/tr>\n<tr data-start=\"3167\" data-end=\"3213\">\n<td data-start=\"3167\" data-end=\"3188\" data-col-size=\"sm\"><strong data-start=\"3169\" data-end=\"3187\">Elektroheizung<\/strong><\/td>\n<td data-col-size=\"md\" data-start=\"3188\" data-end=\"3213\">3 kW, IP45, 220\u2013240 V<\/td>\n<\/tr>\n<tr data-start=\"3214\" data-end=\"3261\">\n<td data-start=\"3214\" data-end=\"3230\" data-col-size=\"sm\"><strong data-start=\"3216\" data-end=\"3229\">Abdeckung<\/strong><\/td>\n<td data-start=\"3230\" data-end=\"3261\" data-col-size=\"md\">Isolierter Deckel (schwarz)<\/td>\n<\/tr>\n<tr data-start=\"3262\" data-end=\"3296\">\n<td data-start=\"3262\" data-end=\"3280\" data-col-size=\"sm\"><strong data-start=\"3264\" data-end=\"3279\">Luftmassage<\/strong><\/td>\n<td data-start=\"3280\" data-end=\"3296\" data-col-size=\"md\">12 Luftd\u00fcsen<\/td>\n<\/tr>\n<tr data-start=\"3297\" data-end=\"3334\">\n<td data-start=\"3297\" data-end=\"3316\" data-col-size=\"sm\"><strong data-start=\"3299\" data-end=\"3315\">Hydromassage<\/strong><\/td>\n<td data-start=\"3316\" data-end=\"3334\" data-col-size=\"md\">16 Wasserd\u00fcsen<\/td>\n<\/tr>\n<tr data-start=\"3335\" data-end=\"3387\">\n<td data-start=\"3335\" data-end=\"3353\" data-col-size=\"sm\"><strong data-start=\"3337\" data-end=\"3352\">Beleuchtung<\/strong><\/td>\n<td data-start=\"3353\" data-end=\"3387\" data-col-size=\"md\">2 \u00d7 LED + LED-Au\u00dfenbeleuchtung<\/td>\n<\/tr>\n<tr data-start=\"3388\" data-end=\"3439\">\n<td data-start=\"3388\" data-end=\"3404\" data-col-size=\"sm\"><strong data-start=\"3390\" data-end=\"3403\">Steuerung<\/strong><\/td>\n<td data-start=\"3404\" data-end=\"3439\" data-col-size=\"md\">Touch-Bedienfeld (3 Funktionen)<\/td>\n<\/tr>\n<tr data-start=\"3440\" data-end=\"3487\">\n<td data-start=\"3440\" data-end=\"3457\" data-col-size=\"sm\"><strong data-start=\"3442\" data-end=\"3456\">Temperatur<\/strong><\/td>\n<td data-start=\"3457\" data-end=\"3487\" data-col-size=\"md\">Elektronisches Thermometer<\/td>\n<\/tr>\n<tr data-start=\"3488\" data-end=\"3523\">\n<td data-start=\"3488\" data-end=\"3501\" data-col-size=\"sm\"><strong data-start=\"3490\" data-end=\"3500\">Ablauf<\/strong><\/td>\n<td data-col-size=\"md\" data-start=\"3501\" data-end=\"3523\">Wasserablassventil<\/td>\n<\/tr>\n<tr data-start=\"3524\" data-end=\"3561\">\n<td data-start=\"3524\" data-end=\"3538\" data-col-size=\"sm\"><strong data-start=\"3526\" data-end=\"3537\">Treppen<\/strong><\/td>\n<td data-start=\"3538\" data-end=\"3561\" data-col-size=\"md\">Holztreppe \u201eDeluxe\u201c<\/td>\n<\/tr>\n<tr data-start=\"3562\" data-end=\"3615\">\n<td data-start=\"3562\" data-end=\"3579\" data-col-size=\"sm\"><strong data-start=\"3564\" data-end=\"3578\">Filtration<\/strong><\/td>\n<td data-start=\"3579\" data-end=\"3615\" data-col-size=\"md\">Edelstahlanschl\u00fcsse mit Ventilen<\/td>\n<\/tr>\n<tr data-start=\"3616\" data-end=\"3661\">\n<td data-start=\"3616\" data-end=\"3629\" data-col-size=\"sm\"><strong data-start=\"3618\" data-end=\"3628\">Extras<\/strong><\/td>\n<td data-start=\"3629\" data-end=\"3661\" data-col-size=\"md\">Getr\u00e4nkehalter aus Edelstahl<\/td>\n<\/tr>\n<\/tbody>\n<\/table>\n<\/div>\n<\/div>\n<h2 data-section-id=\"3ayv26\" data-start=\"3668\" data-end=\"3700\"><span role=\"text\">\u2696\ufe0f <strong data-start=\"3673\" data-end=\"3700\">Welche Variante w\u00e4hlen?<\/strong><\/span><\/h2>\n<ul data-start=\"3702\" data-end=\"3940\">\n<li data-section-id=\"1azjz3l\" data-start=\"3702\" data-end=\"3814\">\u2705 <strong data-start=\"3706\" data-end=\"3723\">Externer Ofen<\/strong>\n<ul data-start=\"3726\" data-end=\"3814\">\n<li data-section-id=\"etvboc\" data-start=\"3755\" data-end=\"3789\">Klassisches Holzfeuer-Erlebnis<\/li>\n<li data-section-id=\"ivskiq\" data-start=\"3792\" data-end=\"3814\">Einfacheres System<\/li>\n<\/ul>\n<\/li>\n<li data-section-id=\"12lcbbu\" data-start=\"3816\" data-end=\"3940\">\u2705 <strong data-start=\"3820\" data-end=\"3841\">Integrierter Ofen<\/strong>\n<ul data-start=\"3844\" data-end=\"3940\">\n<li data-section-id=\"3jwnek\" data-start=\"3844\" data-end=\"3866\">Kompakteres Design<\/li>\n<li data-section-id=\"lb0uz2\" data-start=\"3869\" data-end=\"3893\">Schnellere Erw\u00e4rmung<\/li>\n<li data-section-id=\"q81h06\" data-start=\"3896\" data-end=\"3940\">St\u00e4rkere Massage + Elektro-Unterst\u00fctzung<\/li>\n<\/ul>\n<\/li>\n<\/ul>\n<h2 data-section-id=\"r74ymd\" data-start=\"3947\" data-end=\"3985\"><span role=\"text\">\ud83c\udf3f <strong data-start=\"3952\" data-end=\"3985\">Warum TimberIN Nordic Square\u2122<\/strong><\/span><\/h2>\n<p data-start=\"3987\" data-end=\"4141\">\u2714 Premium europ\u00e4ische Qualit\u00e4t<br data-start=\"4017\" data-end=\"4020\" \/>\u2714 Langlebiges Thermoholz<br data-start=\"4044\" data-end=\"4047\" \/>\u2714 Effiziente Holzbeheizung<br data-start=\"4073\" data-end=\"4076\" \/>\u2714 Hochwertige Massagefunktionen<br data-start=\"4107\" data-end=\"4110\" \/>\u2714 Ganzj\u00e4hrige Nutzung m\u00f6glich<\/p>","protected":false},"excerpt":{"rendered":"<p style=\"text-align: left;\">Luxuri\u00f6ses quadratisches Acryl Badefass mit Marmor-Optik, ausgestattet mit leistungsstarker Hydro- und Luftmassage. W\u00e4hlbar mit <strong data-start=\"450\" data-end=\"489\">externem oder integriertem Holzofen<\/strong> \u2013 f\u00fcr maximalen Komfort und echtes Holzfeuer-Erlebnis.<\/p>","protected":false},"featured_media":2138094586,"comment_status":"open","ping_status":"closed","template":"","meta":{"_uag_custom_page_level_css":""},"product_brand":[],"product_cat":[5720,5722,5721,5724],"product_tag":[],"class_list":{"0":"post-56654","1":"product","2":"type-product","3":"status-publish","4":"has-post-thumbnail","6":"product_cat-badefass","7":"product_cat-badefass-mit-holzofen","8":"product_cat-badefass-whirlpool","9":"product_cat-viereckige","11":"first","12":"instock","13":"taxable","14":"shipping-taxable","15":"purchasable","16":"product-type-variable"},"wppr_data":{"cwp_meta_box_check":"No"},"uagb_featured_image_src":{"full":["https:\/\/www.badetonneholz.de\/wp-content\/uploads\/2023\/11\/TimberIN-Nordic-Lux\u2122-1.png",1797,2016,false],"thumbnail":["https:\/\/www.badetonneholz.de\/wp-content\/uploads\/2023\/11\/TimberIN-Nordic-Lux\u2122-1-150x150.png",150,150,true],"medium":["https:\/\/www.badetonneholz.de\/wp-content\/uploads\/2023\/11\/TimberIN-Nordic-Lux\u2122-1-300x337.png",300,337,true],"medium_large":["https:\/\/www.badetonneholz.de\/wp-content\/uploads\/2023\/11\/TimberIN-Nordic-Lux\u2122-1.png",null,null,true],"large":["https:\/\/www.badetonneholz.de\/wp-content\/uploads\/2023\/11\/TimberIN-Nordic-Lux\u2122-1-700x785.png",700,785,true]},"uagb_author_info":{"display_name":"Rita","author_link":"https:\/\/www.badetonneholz.de\/ch\/author\/"},"uagb_comment_info":0,"uagb_excerpt":"Luxuri\u00f6ses quadratisches Acryl Badefass mit Marmor-Optik, ausgestattet mit leistungsstarker Hydro- und Luftmassage. W\u00e4hlbar mit externem oder integriertem Holzofen \u2013 f\u00fcr maximalen Komfort und echtes Holzfeuer-Erlebnis.","_links":{"self":[{"href":"https:\/\/www.badetonneholz.de\/ch\/wp-json\/wp\/v2\/product\/56654","targetHints":{"allow":["GET"]}}],"collection":[{"href":"https:\/\/www.badetonneholz.de\/ch\/wp-json\/wp\/v2\/product"}],"about":[{"href":"https:\/\/www.badetonneholz.de\/ch\/wp-json\/wp\/v2\/types\/product"}],"replies":[{"embeddable":true,"href":"https:\/\/www.badetonneholz.de\/ch\/wp-json\/wp\/v2\/comments?post=56654"}],"wp:featuredmedia":[{"embeddable":true,"href":"https:\/\/www.badetonneholz.de\/ch\/wp-json\/wp\/v2\/media\/2138094586"}],"wp:attachment":[{"href":"https:\/\/www.badetonneholz.de\/ch\/wp-json\/wp\/v2\/media?parent=56654"}],"wp:term":[{"taxonomy":"product_brand","embeddable":true,"href":"https:\/\/www.badetonneholz.de\/ch\/wp-json\/wp\/v2\/product_brand?post=56654"},{"taxonomy":"product_cat","embeddable":true,"href":"https:\/\/www.badetonneholz.de\/ch\/wp-json\/wp\/v2\/product_cat?post=56654"},{"taxonomy":"product_tag","embeddable":true,"href":"https:\/\/www.badetonneholz.de\/ch\/wp-json\/wp\/v2\/product_tag?post=56654"}],"curies":[{"name":"wp","href":"https:\/\/api.w.org\/{rel}","templated":true}]}}