{"id":56592,"date":"2023-10-24T09:59:40","date_gmt":"2023-10-24T07:59:40","guid":{"rendered":"https:\/\/www.badetonneholz.de\/?post_type=product&#038;p=56592"},"modified":"2026-02-12T16:56:32","modified_gmt":"2026-02-12T14:56:32","slug":"timberin-nordic-oculus-sauna-rundes-panoramafenster","status":"publish","type":"product","link":"https:\/\/www.badetonneholz.de\/ch\/shop\/timberin-nordic-oculus-sauna-rundes-panoramafenster\/","title":{"rendered":"TimberIN Nordic Oculus\u2122"},"content":{"rendered":"<h2 data-path-to-node=\"3\"><b data-path-to-node=\"3\" data-index-in-node=\"0\">TimberIN Nordic Oculus\u2122 \u2013 Moderne Au\u00dfensauna mit rundem Panoramafenster<\/b><\/h2>\n<p data-path-to-node=\"4\">Die <b data-path-to-node=\"4\" data-index-in-node=\"4\">TimberIN Nordic Oculus\u2122<\/b> ist eine zeitgem\u00e4\u00dfe Gartensauna, die durch ihr markantes <b data-path-to-node=\"4\" data-index-in-node=\"85\">\u00d8 90 cm rundes Panoramafenster<\/b>, kompakte Proportionen und raffinierte nordische Details definiert wird. Dieses Modell wurde f\u00fcr moderne Au\u00dfenbereiche entworfen und kombiniert architektonischen Charakter mit exzellenter W\u00e4rmeleistung und hoher Alltagstauglichkeit.<\/p>\n<p data-path-to-node=\"5\">Die Konstruktion basiert auf einem Fichtenrahmen mit einer <b data-path-to-node=\"5\" data-index-in-node=\"59\">75 mm dicken Mineralwollisolierung<\/b>. Damit garantiert die Nordic Oculus\u2122 ein schnelles Aufheizen, stabile Temperaturen und eine effiziente Energienutzung zu jeder Jahreszeit. Das \u00c4u\u00dfere besticht durch <b data-path-to-node=\"5\" data-index-in-node=\"259\">impr\u00e4gnierte Espenholzschindeln<\/b> in Kombination mit einem <b data-path-to-node=\"5\" data-index-in-node=\"316\">schwarzen Blechdach<\/b>, was einen langlebigen, modernen Kontrast schafft, der sich nat\u00fcrlich in gestaltete G\u00e4rten und moderne Eigenheime einf\u00fcgt.<\/p>\n<p data-path-to-node=\"6\">Eine kleine <b data-path-to-node=\"6\" data-index-in-node=\"12\">Au\u00dfenterrasse mit integrierter Beleuchtung<\/b> sorgt f\u00fcr zus\u00e4tzlichen Komfort und optische Attraktivit\u00e4t, w\u00e4hrend die gl\u00e4serne Saunat\u00fcr den Lichteinfall und das offene Raumgef\u00fchl verst\u00e4rkt.<\/p>\n<p data-path-to-node=\"7\"><b data-path-to-node=\"7\" data-index-in-node=\"0\">Innenraum &amp; Komfort<\/b><\/p>\n<p data-path-to-node=\"7\">Im Inneren ist die Sauna mit einer <b data-path-to-node=\"7\" data-index-in-node=\"55\">Wandverkleidung aus Schwarzerle<\/b> ausgestattet, die eine warme und elegante Atmosph\u00e4re schafft. Ergonomische B\u00e4nke und eine integrierte <b data-path-to-node=\"7\" data-index-in-node=\"189\">LED-Beleuchtung unter den B\u00e4nken<\/b> bieten sowohl Komfort als auch einen erstklassigen visuellen Effekt. Ein optimaler Luftaustausch wird durch Bel\u00fcftungsdiffusoren sichergestellt, w\u00e4hrend das praktische Innendesign die Wartung denkbar einfach macht.<\/p>\n<p data-path-to-node=\"8\"><b data-path-to-node=\"8\" data-index-in-node=\"0\">Elektrische Heizung &amp; Steuerung<\/b><\/p>\n<p data-path-to-node=\"8\"><span class=\"citation-39\">Die Sauna ist mit einem <\/span><b data-path-to-node=\"8\" data-index-in-node=\"56\"><span class=\"citation-39\">Harvia Spirit 9 kW Elektroofen<\/span><\/b><span class=\"citation-39\"> ausgestattet, der mit einer <\/span><b data-path-to-node=\"8\" data-index-in-node=\"115\"><span class=\"citation-39\">Xenio-Fernsteuerung<\/span><\/b><span class=\"citation-39 citation-end-39\"> kombiniert wird.<\/span> Dies erm\u00f6glicht eine pr\u00e4zise Temperaturregelung und eine m\u00fchelose Bedienung. Eine vollst\u00e4ndige Elektroinstallation ist im Lieferumfang enthalten, sodass die Sauna nach dem Anschluss sofort einsatzbereit ist.<\/p>\n<p data-path-to-node=\"9\"><b data-path-to-node=\"9\" data-index-in-node=\"0\">Technische Spezifikationen<\/b><\/p>\n<table data-path-to-node=\"10\">\n<thead>\n<tr>\n<td><strong>Merkmal<\/strong><\/td>\n<td><strong>Spezifikation<\/strong><\/td>\n<\/tr>\n<\/thead>\n<tbody>\n<tr>\n<td><span data-path-to-node=\"10,1,0,0\"><b data-path-to-node=\"10,1,0,0\" data-index-in-node=\"0\">Au\u00dfenma\u00dfe<\/b><\/span><\/td>\n<td><span data-path-to-node=\"10,1,1,0\">3100 \u00d7 2100 \u00d7 2620 mm<\/span><\/td>\n<\/tr>\n<tr>\n<td><span data-path-to-node=\"10,2,0,0\"><b data-path-to-node=\"10,2,0,0\" data-index-in-node=\"0\">Gewicht<\/b><\/span><\/td>\n<td><span data-path-to-node=\"10,2,1,0\">1260 kg<\/span><\/td>\n<\/tr>\n<tr>\n<td><span data-path-to-node=\"10,3,0,0\"><b data-path-to-node=\"10,3,0,0\" data-index-in-node=\"0\">Isolierung<\/b><\/span><\/td>\n<td><span data-path-to-node=\"10,3,1,0\">75 mm Mineralwolle<\/span><\/td>\n<\/tr>\n<tr>\n<td><span data-path-to-node=\"10,4,0,0\"><b data-path-to-node=\"10,4,0,0\" data-index-in-node=\"0\">Innenholz<\/b><\/span><\/td>\n<td><span data-path-to-node=\"10,4,1,0\">Schwarzerle<\/span><\/td>\n<\/tr>\n<tr>\n<td><span data-path-to-node=\"10,5,0,0\"><b data-path-to-node=\"10,5,0,0\" data-index-in-node=\"0\">Au\u00dfenverkleidung<\/b><\/span><\/td>\n<td><span data-path-to-node=\"10,5,1,0\">Espenschindeln (impr\u00e4gniert) + schwarzes Blech<\/span><\/td>\n<\/tr>\n<tr>\n<td><span data-path-to-node=\"10,6,0,0\"><b data-path-to-node=\"10,6,0,0\" data-index-in-node=\"0\">Fenster<\/b><\/span><\/td>\n<td><span data-path-to-node=\"10,6,1,0\">Rundes Panoramafenster \u00d8 90 cm<\/span><\/td>\n<\/tr>\n<tr>\n<td><span data-path-to-node=\"10,7,0,0\"><b data-path-to-node=\"10,7,0,0\" data-index-in-node=\"0\">Beleuchtung<\/b><\/span><\/td>\n<td><span data-path-to-node=\"10,7,1,0\">LED unter B\u00e4nken + Terrassenbeleuchtung<\/span><\/td>\n<\/tr>\n<\/tbody>\n<\/table>\n<p data-path-to-node=\"11\"><b data-path-to-node=\"11\" data-index-in-node=\"0\">Warum die TimberIN Nordic Oculus\u2122 w\u00e4hlen?<\/b><\/p>\n<ul data-path-to-node=\"12\">\n<li>\n<p data-path-to-node=\"12,0,0\"><b data-path-to-node=\"12,0,0\" data-index-in-node=\"0\">Markantes Design:<\/b> Einzigartiges rundes Panoramafenster als Blickfang.<\/p>\n<\/li>\n<li>\n<p data-path-to-node=\"12,1,0\"><b data-path-to-node=\"12,1,0\" data-index-in-node=\"0\">Hervorragende Isolierung:<\/b> 75 mm Mineralwolle f\u00fcr maximale Energieeffizienz.<\/p>\n<\/li>\n<li>\n<p data-path-to-node=\"12,2,0\"><b data-path-to-node=\"12,2,0\" data-index-in-node=\"0\">Premium-Materialien:<\/b> Hochwertige nordische H\u00f6lzer und Oberfl\u00e4chen.<\/p>\n<\/li>\n<li>\n<p data-path-to-node=\"12,3,0\"><b data-path-to-node=\"12,3,0\" data-index-in-node=\"0\"><span class=\"citation-38\">Moderne Technik:<\/span><\/b><span class=\"citation-38 citation-end-38\"> Harvia Spirit Elektroofen mit Xenio-Fernbedienung.<\/span><\/p>\n<\/li>\n<li>\n<p data-path-to-node=\"12,4,0\"><b data-path-to-node=\"12,4,0\" data-index-in-node=\"0\">Ganzj\u00e4hrig nutzbar:<\/b> Speziell f\u00fcr den dauerhaften Au\u00dfeneinsatz entwickelt.<\/p>\n<\/li>\n<\/ul>","protected":false},"excerpt":{"rendered":"<p>Die <b data-path-to-node=\"15\" data-index-in-node=\"4\">TimberIN Nordic Oculus\u2122<\/b> setzt neue Ma\u00dfst\u00e4be im modernen Saunadesign. Mit ihrem ikonischen runden \u00d8 90 cm Panoramafenster und der hochwertigen Schindel-Blech-Fassade ist sie ein architektonisches Highlight f\u00fcr jeden Garten. Dank der starken 75 mm Mineralwollisolierung und dem leistungsstarken Harvia Spirit Ofen genie\u00dfen Sie erstklassige Wellness-Momente bei maximaler Energieeffizienz \u2013 das ganze Jahr \u00fcber.<\/p>","protected":false},"featured_media":56595,"comment_status":"open","ping_status":"closed","template":"","meta":{"_uag_custom_page_level_css":""},"product_brand":[],"product_cat":[5725,5391],"product_tag":[5657,5659,5658,5661,5666,5656,5655,5663,5667,5653,5654,5660,5664,5665,5662],"class_list":{"0":"post-56592","1":"product","2":"type-product","3":"status-publish","4":"has-post-thumbnail","6":"product_cat-aussensauna","7":"product_cat-moderne-aussensaunen","8":"product_tag-design-saunahaus","9":"product_tag-elektro-sauna-harvia","10":"product_tag-fichtenholz-sauna","11":"product_tag-garten-wellness-sauna","12":"product_tag-gartenhaus-sauna-modern","13":"product_tag-moderne-garten-sauna","14":"product_tag-outdoor-sauna-garten","15":"product_tag-outdoor-sauna-modern","16":"product_tag-outdoor-spa-sauna","17":"product_tag-saunahaus-garten-modern","18":"product_tag-saunahaus-mit-elektroofen","19":"product_tag-saunahaus-mit-terrasse","20":"product_tag-saunahaus-rundes-fenster","21":"product_tag-schwarze-garten-sauna","22":"product_tag-winterfeste-sauna","23":"pa_woodtype-spruce","25":"first","26":"instock","27":"taxable","28":"shipping-taxable","29":"purchasable","30":"product-type-variable"},"wppr_data":{"cwp_meta_box_check":"No"},"uagb_featured_image_src":{"full":["https:\/\/www.badetonneholz.de\/wp-content\/uploads\/2023\/10\/Kleine-Karkassensauna-2.png",433,577,false],"thumbnail":["https:\/\/www.badetonneholz.de\/wp-content\/uploads\/2023\/10\/Kleine-Karkassensauna-2-150x150.png",150,150,true],"medium":["https:\/\/www.badetonneholz.de\/wp-content\/uploads\/2023\/10\/Kleine-Karkassensauna-2-300x400.png",300,400,true],"medium_large":["https:\/\/www.badetonneholz.de\/wp-content\/uploads\/2023\/10\/Kleine-Karkassensauna-2.png",null,null,true],"large":["https:\/\/www.badetonneholz.de\/wp-content\/uploads\/2023\/10\/Kleine-Karkassensauna-2.png",433,577,true]},"uagb_author_info":{"display_name":"Rita","author_link":"https:\/\/www.badetonneholz.de\/ch\/author\/"},"uagb_comment_info":0,"uagb_excerpt":"Die TimberIN Nordic Oculus\u2122 setzt neue Ma\u00dfst\u00e4be im modernen Saunadesign. Mit ihrem ikonischen runden \u00d8 90 cm Panoramafenster und der hochwertigen Schindel-Blech-Fassade ist sie ein architektonisches Highlight f\u00fcr jeden Garten. Dank der starken 75 mm Mineralwollisolierung und dem leistungsstarken Harvia Spirit Ofen genie\u00dfen Sie erstklassige Wellness-Momente bei maximaler Energieeffizienz \u2013 das ganze Jahr \u00fcber.","_links":{"self":[{"href":"https:\/\/www.badetonneholz.de\/ch\/wp-json\/wp\/v2\/product\/56592","targetHints":{"allow":["GET"]}}],"collection":[{"href":"https:\/\/www.badetonneholz.de\/ch\/wp-json\/wp\/v2\/product"}],"about":[{"href":"https:\/\/www.badetonneholz.de\/ch\/wp-json\/wp\/v2\/types\/product"}],"replies":[{"embeddable":true,"href":"https:\/\/www.badetonneholz.de\/ch\/wp-json\/wp\/v2\/comments?post=56592"}],"wp:featuredmedia":[{"embeddable":true,"href":"https:\/\/www.badetonneholz.de\/ch\/wp-json\/wp\/v2\/media\/56595"}],"wp:attachment":[{"href":"https:\/\/www.badetonneholz.de\/ch\/wp-json\/wp\/v2\/media?parent=56592"}],"wp:term":[{"taxonomy":"product_brand","embeddable":true,"href":"https:\/\/www.badetonneholz.de\/ch\/wp-json\/wp\/v2\/product_brand?post=56592"},{"taxonomy":"product_cat","embeddable":true,"href":"https:\/\/www.badetonneholz.de\/ch\/wp-json\/wp\/v2\/product_cat?post=56592"},{"taxonomy":"product_tag","embeddable":true,"href":"https:\/\/www.badetonneholz.de\/ch\/wp-json\/wp\/v2\/product_tag?post=56592"}],"curies":[{"name":"wp","href":"https:\/\/api.w.org\/{rel}","templated":true}]}}