{"id":50144,"date":"2004-01-20T07:21:05","date_gmt":"2004-01-20T05:21:05","guid":{"rendered":"https:\/\/www.badetonneholz.de\/?post_type=product&#038;p=50144"},"modified":"2024-01-20T16:40:08","modified_gmt":"2024-01-20T14:40:08","slug":"tarpaulin-leichte-abdeckung-fur-whirlpool","status":"publish","type":"product","link":"https:\/\/www.badetonneholz.de\/ch\/shop\/tarpaulin-leichte-abdeckung-fur-whirlpool\/","title":{"rendered":"Tarpaulin leichte Abdeckung f\u00fcr Whirlpool"},"content":{"rendered":"<h2><strong>Tarpaulin leichte Abdeckung f\u00fcr Whirlpool<\/strong><\/h2>\n<p>Hier bei TimberIN sind wir stolz darauf, die neueste Erg\u00e4nzung unseres Online-Shop-Zubeh\u00f6rs vorzustellen &#8211; die hei\u00df begehrte Abdeckplane f\u00fcr Whirlpools. Diese leichte Abdeckung ist ein wasserdichter Whirlpooldeckel, der vor Bl\u00e4ttern und Schmutz sch\u00fctzt und das Wasser l\u00e4nger warm h\u00e4lt. K\u00fcrzere Aufheizzeit, besonders im Winter. Der Bezug besteht aus witterungs- und UV-best\u00e4ndigem PVC-Gewebe. Whirlpoolabdeckungen k\u00f6nnen in verschiedenen Gr\u00f6\u00dfen erh\u00e4ltlich sein. Bitte geben Sie unten den Au\u00dfendurchmesser des Whirlpools an. Die H\u00fclle ist einfach zu handhaben (wiegt bis zu 8 kg) und nimmt bei Nichtgebrauch wenig Platz ein.<\/p>","protected":false},"excerpt":{"rendered":"<p style=\"text-align: right;\"><strong>[Inkl. % MwSt.]<\/strong><\/p>\n<p style=\"text-align: right;\"><strong>*Versandkosten: Inklusive<\/strong><\/p>\n<p style=\"text-align: right;\">[credit cards=\"paypal,visa,mastercard\"]<\/p>\n","protected":false},"featured_media":50148,"comment_status":"closed","ping_status":"closed","template":"","meta":{"_uag_custom_page_level_css":""},"product_brand":[],"product_cat":[287],"product_tag":[],"class_list":{"0":"post-50144","1":"product","2":"type-product","3":"status-publish","4":"has-post-thumbnail","6":"product_cat-zubehoer","7":"pa_color-2195","8":"pa_color-2196","9":"pa_color-2197","10":"pa_color-2198","11":"pa_color-2199","12":"pa_color-2200","13":"pa_color-2201","14":"pa_color-2202","15":"pa_color-2203","16":"pa_color-2204","17":"pa_color-2205","18":"pa_color-2206","20":"first","21":"instock","22":"taxable","23":"shipping-taxable","24":"purchasable","25":"product-type-variable"},"wppr_data":{"cwp_meta_box_check":"No"},"uagb_featured_image_src":{"full":["https:\/\/www.badetonneholz.de\/wp-content\/uploads\/2021\/07\/Tarpaulin-leichte-Abdeckung-fuer-Whirlpool-1.png",540,720,false],"thumbnail":["https:\/\/www.badetonneholz.de\/wp-content\/uploads\/2021\/07\/Tarpaulin-leichte-Abdeckung-fuer-Whirlpool-1-150x150.png",150,150,true],"medium":["https:\/\/www.badetonneholz.de\/wp-content\/uploads\/2021\/07\/Tarpaulin-leichte-Abdeckung-fuer-Whirlpool-1-300x400.png",300,400,true],"medium_large":["https:\/\/www.badetonneholz.de\/wp-content\/uploads\/2021\/07\/Tarpaulin-leichte-Abdeckung-fuer-Whirlpool-1.png",null,null,true],"large":["https:\/\/www.badetonneholz.de\/wp-content\/uploads\/2021\/07\/Tarpaulin-leichte-Abdeckung-fuer-Whirlpool-1.png",540,720,true]},"uagb_author_info":{"display_name":"Rita","author_link":"https:\/\/www.badetonneholz.de\/ch\/author\/"},"uagb_comment_info":0,"uagb_excerpt":"[Inkl. % MwSt.] *Versandkosten: Inklusive [credit cards=\"paypal,visa,mastercard\"]","_links":{"self":[{"href":"https:\/\/www.badetonneholz.de\/ch\/wp-json\/wp\/v2\/product\/50144","targetHints":{"allow":["GET"]}}],"collection":[{"href":"https:\/\/www.badetonneholz.de\/ch\/wp-json\/wp\/v2\/product"}],"about":[{"href":"https:\/\/www.badetonneholz.de\/ch\/wp-json\/wp\/v2\/types\/product"}],"replies":[{"embeddable":true,"href":"https:\/\/www.badetonneholz.de\/ch\/wp-json\/wp\/v2\/comments?post=50144"}],"wp:featuredmedia":[{"embeddable":true,"href":"https:\/\/www.badetonneholz.de\/ch\/wp-json\/wp\/v2\/media\/50148"}],"wp:attachment":[{"href":"https:\/\/www.badetonneholz.de\/ch\/wp-json\/wp\/v2\/media?parent=50144"}],"wp:term":[{"taxonomy":"product_brand","embeddable":true,"href":"https:\/\/www.badetonneholz.de\/ch\/wp-json\/wp\/v2\/product_brand?post=50144"},{"taxonomy":"product_cat","embeddable":true,"href":"https:\/\/www.badetonneholz.de\/ch\/wp-json\/wp\/v2\/product_cat?post=50144"},{"taxonomy":"product_tag","embeddable":true,"href":"https:\/\/www.badetonneholz.de\/ch\/wp-json\/wp\/v2\/product_tag?post=50144"}],"curies":[{"name":"wp","href":"https:\/\/api.w.org\/{rel}","templated":true}]}}