{"id":41987,"date":"2020-01-06T07:46:39","date_gmt":"2020-01-06T05:46:39","guid":{"rendered":"https:\/\/badetonneholz.de\/?page_id=41987"},"modified":"2024-08-12T07:29:11","modified_gmt":"2024-08-12T05:29:11","slug":"presse","status":"publish","type":"page","link":"https:\/\/www.badetonneholz.de\/ch\/presse\/","title":{"rendered":"Presse"},"content":{"rendered":"<hr class=\"wp-block-separator\"\/>\n<div class=\"wp-block-media-text alignwide is-stacked-on-mobile is-image-fill\" style=\"grid-template-columns:32% auto\">\n<figure class=\"wp-block-media-text__media\" style=\"background-image:url(https:\/\/www.woodenhottubsale.co.uk\/wp-content\/uploads\/2016\/03\/Ruta-Albertas-TimberIN_cropped-300x238-1.jpg);background-position:50% 50%\"><img decoding=\"async\" src=\"https:\/\/www.woodenhottubsale.co.uk\/wp-content\/uploads\/2016\/03\/Ruta-Albertas-TimberIN_cropped-300x238-1.jpg\" alt=\"Ruta Albertas TimberIN Cropped 300x238\" class=\"wp-image-99313\" title=\"\"><\/figure>\n<div class=\"wp-block-media-text__content\">\n<p class=\"has-normal-font-size\">TimberIN hilft gern, falls Sie unsere Produkte leihen oder \u00fcber Sie schreiben m\u00f6chten. Wir geben Ihnen auch gerne Informationen zu <a href=\"https:\/\/www.badetonneholz.de\/ch\/pts_testimonials\/badezuber-badefass-hot-tube-mit-whirlpool-holzofen-timberin-rojal-martin-mohr-metallbau-germany\/\" target=\"_blank\" rel=\"noopener\">Hot Tubs<\/a> und Fasssaunen. Wir stehen unter anderem im Zusammenhang mit TV-Serien, Reklamekampagnen, Zeitschriften und weiteren kleinen und gro\u00dfen Medien.<\/p>\n<\/div>\n<\/div>\n<hr class=\"wp-block-separator\"\/>\n<h2 class=\"wp-block-heading\">Neuesten Nachrichten<\/h2>\n<h3 class=\"wp-block-heading\">Wellness f\u00fcr zu Hause<\/h3>\n<ul class=\"wp-block-list\">\n<li>Gibt es etwas Sch\u00f6neres, als Wellness nicht nur etwa in Thermen, sondern auch gleich zu Hause genie\u00dfen zu k\u00f6nnen?<a href=\"https:\/\/www.prontopro.de\/blog\/wellness-fuer-zu-hause\/\" target=\"_blank\" rel=\"noopener\">https:\/\/www.prontopro.de\/blog\/wellness-fuer-zu-hause\/<\/a> <\/li>\n<\/ul>\n<h3 class=\"wp-block-heading\">&#8222;Pellet-burning, the app-controlled hot tub is said to be cleaner and cheaper&#8220;<\/h3>\n<ul class=\"wp-block-list\">\n<li><strong>US-Medien<\/strong> &#8211;  <a href=\"https:\/\/newatlas.com\/around-the-home\/pellet-burning-app-controlled-hot-tub\/\" target=\"_blank\" rel=\"noopener\">https:\/\/newatlas.com\/around-the-home\/pellet-burning-app-controlled-hot-tub\/<\/a><\/li>\n<li><strong>Universit\u00e4tsmedien<\/strong> &#8211;  <a href=\"https:\/\/en.ktu.edu\/news\/smart-hot-tub-created-by-lithuanians-more-comfort-for-less-money\/\" target=\"_blank\" rel=\"noopener\">https:\/\/en.ktu.edu\/news\/smart-hot-tub-created-by-lithuanians-more-comfort-for-less-money\/<\/a> <\/li>\n<li><strong>Das gr\u00f6\u00dfte Nachrichtenportal der baltischen L\u00e4nder &#8211; <\/strong> <a href=\"https:\/\/en.delfi.lt\/lifestyle\/smart-hot-tub-created-by-lithuanians.d?id=83095787\" target=\"_blank\" rel=\"noopener\">https:\/\/en.delfi.lt\/lifestyle\/smart-hot-tub-created-by-lithuanians.d?id=83095787<\/a> <\/li>\n<\/ul>\n<hr class=\"wp-block-separator\"\/>","protected":false},"excerpt":{"rendered":"<p>TimberIN hilft gern, falls Sie unsere Produkte leihen oder \u00fcber Sie schreiben m\u00f6chten. Wir geben Ihnen auch gerne Informationen zu Hot Tubs und Fasssaunen. Wir stehen unter anderem im Zusammenhang mit TV-Serien, Reklamekampagnen, Zeitschriften und weiteren kleinen und gro\u00dfen Medien. Neuesten Nachrichten Wellness f\u00fcr zu Hause Gibt es etwas Sch\u00f6neres, als Wellness nicht nur etwa [&hellip;]<\/p>\n","protected":false},"author":1,"featured_media":0,"parent":0,"menu_order":0,"comment_status":"closed","ping_status":"closed","template":"","meta":{"_uag_custom_page_level_css":"","footnotes":""},"class_list":["post-41987","page","type-page","status-publish","hentry"],"wppr_data":{"cwp_meta_box_check":"No"},"uagb_featured_image_src":{"full":false,"thumbnail":false,"medium":false,"medium_large":false,"large":false},"uagb_author_info":{"display_name":"Manfred Wolf DE [VERIFIZIERT]","author_link":"https:\/\/www.badetonneholz.de\/ch\/author\/admin\/"},"uagb_comment_info":0,"uagb_excerpt":"TimberIN hilft gern, falls Sie unsere Produkte leihen oder \u00fcber Sie schreiben m\u00f6chten. Wir geben Ihnen auch gerne Informationen zu Hot Tubs und Fasssaunen. Wir stehen unter anderem im Zusammenhang mit TV-Serien, Reklamekampagnen, Zeitschriften und weiteren kleinen und gro\u00dfen Medien. Neuesten Nachrichten Wellness f\u00fcr zu Hause Gibt es etwas Sch\u00f6neres, als Wellness nicht nur etwa&hellip;","_links":{"self":[{"href":"https:\/\/www.badetonneholz.de\/ch\/wp-json\/wp\/v2\/pages\/41987","targetHints":{"allow":["GET"]}}],"collection":[{"href":"https:\/\/www.badetonneholz.de\/ch\/wp-json\/wp\/v2\/pages"}],"about":[{"href":"https:\/\/www.badetonneholz.de\/ch\/wp-json\/wp\/v2\/types\/page"}],"author":[{"embeddable":true,"href":"https:\/\/www.badetonneholz.de\/ch\/wp-json\/wp\/v2\/users\/1"}],"replies":[{"embeddable":true,"href":"https:\/\/www.badetonneholz.de\/ch\/wp-json\/wp\/v2\/comments?post=41987"}],"version-history":[{"count":0,"href":"https:\/\/www.badetonneholz.de\/ch\/wp-json\/wp\/v2\/pages\/41987\/revisions"}],"wp:attachment":[{"href":"https:\/\/www.badetonneholz.de\/ch\/wp-json\/wp\/v2\/media?parent=41987"}],"curies":[{"name":"wp","href":"https:\/\/api.w.org\/{rel}","templated":true}]}}