{"id":39065,"date":"2019-05-02T04:52:08","date_gmt":"2019-05-02T02:52:08","guid":{"rendered":"https:\/\/badetonneholz.de\/cookie-policy\/"},"modified":"2024-08-12T07:42:28","modified_gmt":"2024-08-12T05:42:28","slug":"cookie-richtlinie","status":"publish","type":"page","link":"https:\/\/www.badetonneholz.de\/ch\/cookie-richtlinie\/","title":{"rendered":"Cookie-Richtlinie"},"content":{"rendered":"<p>Eine Cookie-Richtlinie, die Internetnutzern die notwendigen Informationen \u00fcber die Verwendung von Cookies durch einen Online-Anbieter gem\u00e4\u00df der Datenschutz- und elektronischen Kommunikationsrichtlinie (EG-Richtlinie) (\u00c4nderung) von 2011 (SI 2011\/1208) liefert.<\/p>\n<p>Ein Cookie ist ein kleines Datenelement, das eine Website von Ihrem Browser auf Ihrem Computer oder Mobilger\u00e4t speichern soll. Das Cookie erm\u00f6glicht es der Website, sich im Laufe der Zeit an Ihre Aktionen oder Pr\u00e4ferenzen zu \u201eerinnern\u201c.<\/p>\n<p>Wir verwenden folgende Cookies:<\/p>\n<p>Unbedingt notwendige Cookies. Hierbei handelt es sich um Cookies, die f\u00fcr den Betrieb unserer Website erforderlich sind. Dazu geh\u00f6ren beispielsweise Cookies, die es Ihnen erm\u00f6glichen, sich in sicheren Bereichen unserer Website anzumelden, einen Warenkorb zu verwenden oder E-Rechnungsdienste zu nutzen.<br \/>Analyse-\/Leistungscookies. Sie erm\u00f6glichen es uns, die Anzahl der Besucher zu erkennen und zu z\u00e4hlen sowie zu sehen, wie sich Besucher auf unserer Website bewegen, wenn sie diese nutzen. Dies hilft uns, die Funktionsweise unserer Website zu verbessern, indem wir beispielsweise sicherstellen, dass Benutzer leicht finden, was sie suchen.<br \/>Funktionalit\u00e4tscookies. Diese dienen dazu, Sie wiederzuerkennen, wenn Sie auf unsere Website zur\u00fcckkehren. Dies erm\u00f6glicht es uns, unsere Inhalte f\u00fcr Sie zu personalisieren, Sie mit Ihrem Namen zu begr\u00fc\u00dfen und uns an Ihre Pr\u00e4ferenzen zu erinnern (z. B. Ihre Sprach- oder Regionswahl).<br \/>Targeting-Cookies. Diese Cookies erfassen Ihren Besuch auf unserer Website, die von Ihnen besuchten Seiten und die von Ihnen angeklickten Links. Wir werden diese Informationen verwenden, um unsere Website und die darauf angezeigte Werbung relevanter f\u00fcr Ihre Interessen zu gestalten. Zu diesem Zweck k\u00f6nnen wir diese Informationen auch an Dritte weitergeben.<\/p>\n<p>Eine Cookie-Richtlinie, die Internetnutzern die notwendigen Informationen \u00fcber die Verwendung von Cookies durch einen Online-Anbieter gem\u00e4\u00df der Datenschutz- und elektronischen Kommunikationsrichtlinie (EG-Richtlinie) (\u00c4nderung) von 2011 (SI 2011\/1208) liefert.<\/p>\n<p>Ein Cookie ist ein kleines Datenelement, das eine Website von Ihrem Browser auf Ihrem Computer oder Mobilger\u00e4t speichern soll. Das Cookie erm\u00f6glicht es der Website, sich im Laufe der Zeit an Ihre Aktionen oder Pr\u00e4ferenzen zu \u201eerinnern\u201c.<\/p>\n<p>Wir verwenden folgende Cookies:<\/p>\n<p>Unbedingt notwendige Cookies. Hierbei handelt es sich um Cookies, die f\u00fcr den Betrieb unserer Website erforderlich sind. Dazu geh\u00f6ren beispielsweise Cookies, die es Ihnen erm\u00f6glichen, sich in sicheren Bereichen unserer Website anzumelden, einen Warenkorb zu verwenden oder E-Rechnungsdienste zu nutzen.<br \/>Analyse-\/Leistungscookies. Sie erm\u00f6glichen es uns, die Anzahl der Besucher zu erkennen und zu z\u00e4hlen sowie zu sehen, wie sich Besucher auf unserer Website bewegen, wenn sie diese nutzen. Dies hilft uns, die Funktionsweise unserer Website zu verbessern, indem wir beispielsweise sicherstellen, dass Benutzer leicht finden, was sie suchen.<br \/>Funktionalit\u00e4tscookies. Diese dienen dazu, Sie wiederzuerkennen, wenn Sie auf unsere Website zur\u00fcckkehren. Dies erm\u00f6glicht es uns, unsere Inhalte f\u00fcr Sie zu personalisieren, Sie mit Ihrem Namen zu begr\u00fc\u00dfen und uns an Ihre Pr\u00e4ferenzen zu erinnern (z. B. Ihre Sprach- oder Regionswahl).<br \/>Targeting-Cookies. Diese Cookies erfassen Ihren Besuch auf unserer Website, die von Ihnen besuchten Seiten und die von Ihnen angeklickten Links. Wir werden diese Informationen verwenden, um unsere Website und die darauf angezeigte Werbung relevanter f\u00fcr Ihre Interessen zu gestalten. Zu diesem Zweck k\u00f6nnen wir diese Informationen auch an Dritte weitergeben.<\/p>","protected":false},"excerpt":{"rendered":"<p>Eine Cookie-Richtlinie, die Internetnutzern die notwendigen Informationen \u00fcber die Verwendung von Cookies durch einen Online-Anbieter gem\u00e4\u00df der Datenschutz- und elektronischen Kommunikationsrichtlinie (EG-Richtlinie) (\u00c4nderung) von 2011 (SI 2011\/1208) liefert. Ein Cookie ist ein kleines Datenelement, das eine Website von Ihrem Browser auf Ihrem Computer oder Mobilger\u00e4t speichern soll. Das Cookie erm\u00f6glicht es der Website, sich im [&hellip;]<\/p>\n","protected":false},"author":1,"featured_media":0,"parent":0,"menu_order":0,"comment_status":"closed","ping_status":"closed","template":"","meta":{"_uag_custom_page_level_css":"","footnotes":""},"class_list":["post-39065","page","type-page","status-publish","hentry"],"wppr_data":{"cwp_meta_box_check":"No"},"uagb_featured_image_src":{"full":false,"thumbnail":false,"medium":false,"medium_large":false,"large":false},"uagb_author_info":{"display_name":"Manfred Wolf DE [VERIFIZIERT]","author_link":"https:\/\/www.badetonneholz.de\/ch\/author\/admin\/"},"uagb_comment_info":0,"uagb_excerpt":"Eine Cookie-Richtlinie, die Internetnutzern die notwendigen Informationen \u00fcber die Verwendung von Cookies durch einen Online-Anbieter gem\u00e4\u00df der Datenschutz- und elektronischen Kommunikationsrichtlinie (EG-Richtlinie) (\u00c4nderung) von 2011 (SI 2011\/1208) liefert. Ein Cookie ist ein kleines Datenelement, das eine Website von Ihrem Browser auf Ihrem Computer oder Mobilger\u00e4t speichern soll. Das Cookie erm\u00f6glicht es der Website, sich im&hellip;","_links":{"self":[{"href":"https:\/\/www.badetonneholz.de\/ch\/wp-json\/wp\/v2\/pages\/39065","targetHints":{"allow":["GET"]}}],"collection":[{"href":"https:\/\/www.badetonneholz.de\/ch\/wp-json\/wp\/v2\/pages"}],"about":[{"href":"https:\/\/www.badetonneholz.de\/ch\/wp-json\/wp\/v2\/types\/page"}],"author":[{"embeddable":true,"href":"https:\/\/www.badetonneholz.de\/ch\/wp-json\/wp\/v2\/users\/1"}],"replies":[{"embeddable":true,"href":"https:\/\/www.badetonneholz.de\/ch\/wp-json\/wp\/v2\/comments?post=39065"}],"version-history":[{"count":0,"href":"https:\/\/www.badetonneholz.de\/ch\/wp-json\/wp\/v2\/pages\/39065\/revisions"}],"wp:attachment":[{"href":"https:\/\/www.badetonneholz.de\/ch\/wp-json\/wp\/v2\/media?parent=39065"}],"curies":[{"name":"wp","href":"https:\/\/api.w.org\/{rel}","templated":true}]}}