{"id":15,"date":"2013-11-28T11:16:43","date_gmt":"2013-11-28T11:16:43","guid":{"rendered":"https:\/\/moreta.lt\/projektai\/timberin\/cart\/"},"modified":"2025-12-12T18:30:00","modified_gmt":"2025-12-12T16:30:00","slug":"produkte","status":"publish","type":"page","link":"https:\/\/www.badetonneholz.de\/ch\/produkte\/","title":{"rendered":"Produkte"},"content":{"rendered":"<p><strong>***Bitte beachten Sie, dass dies&nbsp;nicht ein realer&nbsp;Auftrag, und&nbsp;<u>Sie nicht&nbsp;f\u00fcr Ihre Simulation<\/u>, die wir erhalten, zahlen werden.<\/strong>&nbsp;Dieses System&nbsp;wurde entwickelt, um die Kommunikation zu erleichtern. Nachdem Sie uns Ihre Simulation und Ihre Kommentare \u00fcber das, was sollte ge\u00e4ndert oder hinzugef\u00fcgt (falls vorhanden), passen wir den Preis und kontaktieren Sie in 24-48 Stunden.&nbsp;Nachdem&nbsp;Ihre&nbsp;Simulation, erhalten Sie den Brief mit Ihrem Auftrag (Simulation)-Nummer.<\/p>\n<hr class=\"wp-block-separator has-css-opacity\"\/>\n\n<div class=\"trustpilot-widget\" data-locale=\"de-DE\" data-template-id=\"5419b6a8b0d04a076446a9ad\" data-businessunit-id=\"55a03a130000ff000580f634\" data-style-height=\"24px\" data-style-width=\"100%\" data-theme=\"light\">\n  <a href=\"https:\/\/de.trustpilot.com\/review\/timberin.com\" target=\"_blank\" rel=\"noopener\">Trustpilot<\/a>\n<\/div>\n<hr class=\"wp-block-separator has-css-opacity\"\/>\n<h2 class=\"wp-block-heading has-text-align-center\">Unser Zubeh\u00f6r!<\/h2>\n<div style=\"height:45px\" aria-hidden=\"true\" class=\"wp-block-spacer\"><\/div>\n<div data-block-name=\"woocommerce\/product-category\" data-categories=\"[287]\" data-columns=\"5\" data-content-visibility=\"{&quot;image&quot;:true,&quot;title&quot;:true,&quot;price&quot;:true,&quot;rating&quot;:false,&quot;button&quot;:false}\" data-orderby=\"popularity\" class=\"wc-block-grid wp-block-product-category wp-block-woocommerce-product-category wc-block-product-category has-5-columns has-multiple-rows\">\n<ul class=\"wc-block-grid__products\">\n<li class=\"wc-block-grid__product\">\n\t\t\t\t<a href=\"https:\/\/www.badetonneholz.de\/ch\/shop\/badefass-badezuber-wasserpflege-chlorfrei\/\" class=\"wc-block-grid__product-link\"><\/p>\n<div class=\"wc-block-grid__product-image\"><img decoding=\"async\" width=\"150\" height=\"150\" src=\"https:\/\/www.badetonneholz.de\/wp-content\/uploads\/2015\/12\/Badebottich-Wasserpflege-150x150.png\" class=\"attachment-woocommerce_thumbnail size-woocommerce_thumbnail\" alt=\"Badebottich Wasserpflege\" title=\"\"><\/div>\n<div class=\"wc-block-grid__product-title\">Badebottich Wasserpflege<\/div>\n<p>\t\t\t\t<\/a><\/p>\n<div class=\"wc-block-grid__product-price price\"><span class=\"woocommerce-Price-amount amount\"><span class=\"woocommerce-Price-currencySymbol\">&euro;<\/span>109<\/span><\/div>\n<\/li>\n<li class=\"wc-block-grid__product\">\n\t\t\t\t<a href=\"https:\/\/www.badetonneholz.de\/ch\/shop\/uv-filter-badefass\/\" class=\"wc-block-grid__product-link\"><\/p>\n<div class=\"wc-block-grid__product-image\">\n<div class='container-image-and-badge  '><img decoding=\"async\" width=\"150\" height=\"150\" src=\"https:\/\/www.badetonneholz.de\/wp-content\/uploads\/2018\/01\/UV-C-Filter-f\u00fcr-die-chemisch-freie-Wasseraufbereitung-150x150.png\" class=\"attachment-woocommerce_thumbnail size-woocommerce_thumbnail\" alt=\"UV Filter Badefass\" title=\"\"><\/p>\n<div class='yith-wcbm-badge yith-wcbm-badge-58309 yith-wcbm-badge-text yith-wcbm-badge--on-product-34113 yith-wcbm-badge-text' data-position='{&quot;top&quot;:&quot;20px&quot;,&quot;right&quot;:&quot;0px&quot;,&quot;bottom&quot;:&quot;0px&quot;,&quot;left&quot;:&quot;0px&quot;}' data-transform=' rotatey( 360deg )'>\n<div class='yith-wcbm-badge__wrap'>\n<div class=\"yith-wcbm-badge-text\">\n<div style=\"font-family: 'Open Sans', sans-serif;color: #ffffff;font-size: 13px\">Sehr beliebt!<\/div>\n<\/div><\/div>\n<\/div>\n<p><!--yith-wcbm-badge-->\n<\/div>\n<p><!--container-image-and-badge--><\/div>\n<div class=\"wc-block-grid__product-title\">UV Filter Badefass<\/div>\n<p>\t\t\t\t<\/a><\/p>\n<div class=\"wc-block-grid__product-price price\"><span class=\"woocommerce-Price-amount amount\"><span class=\"woocommerce-Price-currencySymbol\">&euro;<\/span>270<\/span><\/div>\n<\/li>\n<li class=\"wc-block-grid__product\">\n\t\t\t\t<a href=\"https:\/\/www.badetonneholz.de\/ch\/shop\/badefass-badezuber-wasser-einfrierschutz\/\" class=\"wc-block-grid__product-link\"><\/p>\n<div class=\"wc-block-grid__product-image\"><img decoding=\"async\" width=\"150\" height=\"150\" src=\"https:\/\/www.badetonneholz.de\/wp-content\/uploads\/2014\/02\/Titanrohr-Heizer-Einfrierschutz-TimberIN-150x150.jpg\" class=\"attachment-woocommerce_thumbnail size-woocommerce_thumbnail\" alt=\"Titanrohr Heizer Einfrierschutz TimberIN\" srcset=\"https:\/\/www.badetonneholz.de\/wp-content\/uploads\/2014\/02\/Titanrohr-Heizer-Einfrierschutz-TimberIN-150x150.jpg 150w, https:\/\/www.badetonneholz.de\/wp-content\/uploads\/2014\/02\/Titanrohr-Heizer-Einfrierschutz-TimberIN-300x300.jpg 300w, https:\/\/www.badetonneholz.de\/wp-content\/uploads\/2014\/02\/Titanrohr-Heizer-Einfrierschutz-TimberIN-768x768.jpg 768w, https:\/\/www.badetonneholz.de\/wp-content\/uploads\/2014\/02\/Titanrohr-Heizer-Einfrierschutz-TimberIN.jpg 1000w\" sizes=\"(max-width: 150px) 100vw, 150px\" title=\"\"><\/div>\n<div class=\"wc-block-grid__product-title\">Titanrohr Heizer &#8211; Einfrierschutz<\/div>\n<p>\t\t\t\t<\/a><\/p>\n<div class=\"wc-block-grid__product-price price\"><span class=\"woocommerce-Price-amount amount\"><span class=\"woocommerce-Price-currencySymbol\">&euro;<\/span>193<\/span><\/div>\n<\/li>\n<li class=\"wc-block-grid__product\">\n\t\t\t\t<a href=\"https:\/\/www.badetonneholz.de\/ch\/shop\/harvia-sauna-set\/\" class=\"wc-block-grid__product-link\"><\/p>\n<div class=\"wc-block-grid__product-image\"><img decoding=\"async\" width=\"150\" height=\"150\" src=\"https:\/\/www.badetonneholz.de\/wp-content\/uploads\/2015\/12\/Harvia-Sauna-set-150x150.jpg\" class=\"attachment-woocommerce_thumbnail size-woocommerce_thumbnail\" alt=\"Harvia Sauna set\" srcset=\"https:\/\/www.badetonneholz.de\/wp-content\/uploads\/2015\/12\/Harvia-Sauna-set-150x150.jpg 150w, https:\/\/www.badetonneholz.de\/wp-content\/uploads\/2015\/12\/Harvia-Sauna-set-300x300.jpg 300w\" sizes=\"(max-width: 150px) 100vw, 150px\" title=\"\"><\/div>\n<div class=\"wc-block-grid__product-title\">Harvia Sauna-Set<\/div>\n<p>\t\t\t\t<\/a><\/p>\n<div class=\"wc-block-grid__product-price price\"><span class=\"woocommerce-Price-amount amount\"><span class=\"woocommerce-Price-currencySymbol\">&euro;<\/span>264<\/span><\/div>\n<\/li>\n<li class=\"wc-block-grid__product\">\n\t\t\t\t<a href=\"https:\/\/www.badetonneholz.de\/ch\/shop\/led-leuchten-fur-badefasser\/\" class=\"wc-block-grid__product-link\"><\/p>\n<div class=\"wc-block-grid__product-image\">\n<div class='container-image-and-badge  '><img decoding=\"async\" width=\"150\" height=\"150\" src=\"https:\/\/www.badetonneholz.de\/wp-content\/uploads\/2005\/01\/LED-150x150.png\" class=\"attachment-woocommerce_thumbnail size-woocommerce_thumbnail\" alt=\"LED-Leuchten f\u00fcr Badefass\" title=\"\">    <\/p>\n<div class='yith-wcbm-badge yith-wcbm-badge-58309 yith-wcbm-badge-text yith-wcbm-badge--on-product-13956 yith-wcbm-badge-text' data-position='{&quot;top&quot;:&quot;20px&quot;,&quot;right&quot;:&quot;0px&quot;,&quot;bottom&quot;:&quot;0px&quot;,&quot;left&quot;:&quot;0px&quot;}' data-transform=' rotatey( 360deg )'>\n<div class='yith-wcbm-badge__wrap'>\n<div class=\"yith-wcbm-badge-text\">\n<div style=\"font-family: 'Open Sans', sans-serif;color: #ffffff;font-size: 13px\">Sehr beliebt!<\/div>\n<\/div><\/div>\n<\/div>\n<p><!--yith-wcbm-badge-->\n<\/div>\n<p><!--container-image-and-badge--><\/div>\n<div class=\"wc-block-grid__product-title\">LED-Leuchten f\u00fcr Badefass<\/div>\n<p>\t\t\t\t<\/a><\/p>\n<div class=\"wc-block-grid__product-price price\">Ab: <span class=\"woocommerce-Price-amount amount\"><span class=\"woocommerce-Price-currencySymbol\">&euro;<\/span>161<\/span><\/div>\n<\/li>\n<li class=\"wc-block-grid__product\">\n\t\t\t\t<a href=\"https:\/\/www.badetonneholz.de\/ch\/shop\/badezuber-badefass-abdeckung\/\" class=\"wc-block-grid__product-link\"><\/p>\n<div class=\"wc-block-grid__product-image\">\n<div class='container-image-and-badge  '><img decoding=\"async\" width=\"150\" height=\"150\" src=\"https:\/\/www.badetonneholz.de\/wp-content\/uploads\/2004\/01\/Leather-lid-150x150.jpg\" class=\"attachment-woocommerce_thumbnail size-woocommerce_thumbnail\" alt=\"Badefass Abdeckung kaufen\" title=\"\">        <\/p>\n<div class='yith-wcbm-badge yith-wcbm-badge-58309 yith-wcbm-badge-text yith-wcbm-badge--on-product-38016 yith-wcbm-badge-text' data-position='{&quot;top&quot;:&quot;20px&quot;,&quot;right&quot;:&quot;0px&quot;,&quot;bottom&quot;:&quot;0px&quot;,&quot;left&quot;:&quot;0px&quot;}' data-transform=' rotatey( 360deg )'>\n<div class='yith-wcbm-badge__wrap'>\n<div class=\"yith-wcbm-badge-text\">\n<div style=\"font-family: 'Open Sans', sans-serif;color: #ffffff;font-size: 13px\">Sehr beliebt!<\/div>\n<\/div><\/div>\n<\/div>\n<p><!--yith-wcbm-badge-->\n<\/div>\n<p><!--container-image-and-badge--><\/div>\n<div class=\"wc-block-grid__product-title\">Thermodeckel Abdeckung f\u00fcr Badefass<\/div>\n<p>\t\t\t\t<\/a><\/p>\n<div class=\"wc-block-grid__product-price price\">Ab: <span class=\"woocommerce-Price-amount amount\"><span class=\"woocommerce-Price-currencySymbol\">&euro;<\/span>815<\/span><\/div>\n<\/li>\n<li class=\"wc-block-grid__product\">\n\t\t\t\t<a href=\"https:\/\/www.badetonneholz.de\/ch\/shop\/timbertemp-neur-smart-3d-druck-bluetooth-thermometer\/\" class=\"wc-block-grid__product-link\"><\/p>\n<div class=\"wc-block-grid__product-image\">\n<div class='container-image-and-badge  '><img decoding=\"async\" width=\"150\" height=\"150\" src=\"https:\/\/www.badetonneholz.de\/wp-content\/uploads\/2005\/01\/Smart-Thermometer-fuer-Whirlpools-2-150x150.jpg\" class=\"attachment-woocommerce_thumbnail size-woocommerce_thumbnail\" alt=\"Smart Thermometer F\u00fcr Whirlpools (2)\" title=\"\"><\/p>\n<div class='yith-wcbm-badge yith-wcbm-badge-55874 yith-wcbm-badge-text yith-wcbm-badge--on-product-18563 yith-wcbm-badge-text' data-position='{&quot;top&quot;:&quot;0px&quot;,&quot;right&quot;:&quot;0px&quot;,&quot;bottom&quot;:&quot;0px&quot;,&quot;left&quot;:&quot;0px&quot;}' data-transform=' rotatey( 360deg )'>\n<div class='yith-wcbm-badge__wrap'>\n<div class=\"yith-wcbm-badge-text\">\n<div style=\"font-family: 'Open Sans', sans-serif;color: #ffffff;font-size: 13px\">Smart!<\/div>\n<\/div><\/div>\n<\/div>\n<p><!--yith-wcbm-badge-->\n<\/div>\n<p><!--container-image-and-badge--><\/div>\n<div class=\"wc-block-grid__product-title\">Smart Thermometer f\u00fcr Whirlpools<\/div>\n<p>\t\t\t\t<\/a><\/p>\n<div class=\"wc-block-grid__product-price price\"><span class=\"amount\">Kostenlos!<\/span><\/div>\n<\/li>\n<li class=\"wc-block-grid__product\">\n\t\t\t\t<a href=\"https:\/\/www.badetonneholz.de\/ch\/shop\/badefass-badezuber-luftsprudelmassage\/\" class=\"wc-block-grid__product-link\"><\/p>\n<div class=\"wc-block-grid__product-image\"><img decoding=\"async\" width=\"150\" height=\"150\" src=\"https:\/\/www.badetonneholz.de\/wp-content\/uploads\/2016\/04\/Badefass-Badezuber-Luftsprudelmassage-TimberIN-150x150.jpg\" class=\"attachment-woocommerce_thumbnail size-woocommerce_thumbnail\" alt=\"\u00a0Luftsprudelsystem f\u00fcr Badefass kaufen\" srcset=\"https:\/\/www.badetonneholz.de\/wp-content\/uploads\/2016\/04\/Badefass-Badezuber-Luftsprudelmassage-TimberIN-150x150.jpg 150w, https:\/\/www.badetonneholz.de\/wp-content\/uploads\/2016\/04\/Badefass-Badezuber-Luftsprudelmassage-TimberIN-300x300.jpg 300w, https:\/\/www.badetonneholz.de\/wp-content\/uploads\/2016\/04\/Badefass-Badezuber-Luftsprudelmassage-TimberIN.jpg 458w\" sizes=\"(max-width: 150px) 100vw, 150px\" title=\"\"><\/div>\n<div class=\"wc-block-grid__product-title\">Luftsprudelsystem f\u00fcr Badefass<\/div>\n<p>\t\t\t\t<\/a><\/p>\n<div class=\"wc-block-grid__product-price price\"><span class=\"woocommerce-Price-amount amount\"><span class=\"woocommerce-Price-currencySymbol\">&euro;<\/span>506<\/span><\/div>\n<\/li>\n<li class=\"wc-block-grid__product\">\n\t\t\t\t<a href=\"https:\/\/www.badetonneholz.de\/ch\/shop\/sandfilteranlage-fuer-badefass-badezuber\/\" class=\"wc-block-grid__product-link\"><\/p>\n<div class=\"wc-block-grid__product-image\"><img decoding=\"async\" width=\"150\" height=\"150\" src=\"https:\/\/www.badetonneholz.de\/wp-content\/uploads\/2016\/12\/Filtrierungssystem-der-Badetonne-TimberIN-150x150.jpg\" class=\"attachment-woocommerce_thumbnail size-woocommerce_thumbnail\" alt=\"Sandfilteranlage f\u00fcr Badefass Badezuber\" srcset=\"https:\/\/www.badetonneholz.de\/wp-content\/uploads\/2016\/12\/Filtrierungssystem-der-Badetonne-TimberIN-150x150.jpg 150w, https:\/\/www.badetonneholz.de\/wp-content\/uploads\/2016\/12\/Filtrierungssystem-der-Badetonne-TimberIN-300x300.jpg 300w, https:\/\/www.badetonneholz.de\/wp-content\/uploads\/2016\/12\/Filtrierungssystem-der-Badetonne-TimberIN-768x768.jpg 768w, https:\/\/www.badetonneholz.de\/wp-content\/uploads\/2016\/12\/Filtrierungssystem-der-Badetonne-TimberIN.jpg 1000w\" sizes=\"(max-width: 150px) 100vw, 150px\" title=\"\"><\/div>\n<div class=\"wc-block-grid__product-title\">Sandfilteranlage f\u00fcr Badefass Badezuber mit Holzkiste<\/div>\n<p>\t\t\t\t<\/a><\/p>\n<div class=\"wc-block-grid__product-price price\"><span class=\"woocommerce-Price-amount amount\"><span class=\"woocommerce-Price-currencySymbol\">&euro;<\/span>1,112<\/span><\/div>\n<\/li>\n<li class=\"wc-block-grid__product\">\n\t\t\t\t<a href=\"https:\/\/www.badetonneholz.de\/ch\/shop\/wasser-massagefunktion-massageduesen-badefass\/\" class=\"wc-block-grid__product-link\"><\/p>\n<div class=\"wc-block-grid__product-image\"><img decoding=\"async\" width=\"150\" height=\"150\" src=\"https:\/\/www.badetonneholz.de\/wp-content\/uploads\/2016\/04\/Hydromassage-Wassermassage-f\u00fcr-Hot-Tub-TimberIN-150x150.png\" class=\"attachment-woocommerce_thumbnail size-woocommerce_thumbnail\" alt=\"Wasser Massagefunktion Massaged\u00fcsen f\u00fcr Badefass\" srcset=\"https:\/\/www.badetonneholz.de\/wp-content\/uploads\/2016\/04\/Hydromassage-Wassermassage-f\u00fcr-Hot-Tub-TimberIN-150x150.png 150w, https:\/\/www.badetonneholz.de\/wp-content\/uploads\/2016\/04\/Hydromassage-Wassermassage-f\u00fcr-Hot-Tub-TimberIN-300x300.png 300w\" sizes=\"(max-width: 150px) 100vw, 150px\" title=\"\"><\/div>\n<div class=\"wc-block-grid__product-title\">Wasser Massagefunktion Massaged\u00fcsen f\u00fcr Badefass<\/div>\n<p>\t\t\t\t<\/a><\/p>\n<div class=\"wc-block-grid__product-price price\"><span class=\"woocommerce-Price-amount amount\"><span class=\"woocommerce-Price-currencySymbol\">&euro;<\/span>530<\/span><\/div>\n<\/li>\n<li class=\"wc-block-grid__product\">\n\t\t\t\t<a href=\"https:\/\/www.badetonneholz.de\/ch\/shop\/elektroofen-elektroheizung-badefass\/\" class=\"wc-block-grid__product-link\"><\/p>\n<div class=\"wc-block-grid__product-image\">\n<div class='container-image-and-badge  '><img decoding=\"async\" width=\"150\" height=\"150\" src=\"https:\/\/www.badetonneholz.de\/wp-content\/uploads\/2018\/05\/Elektroheizer-f\u00fcr-Whirlpools-und-Badezubern-1-150x150.jpg\" class=\"attachment-woocommerce_thumbnail size-woocommerce_thumbnail\" alt=\"Elektroofen Elektroheizung f\u00fcr Badefass\" title=\"\"> <\/p>\n<div class='yith-wcbm-badge yith-wcbm-badge-33140 yith-wcbm-badge-text yith-wcbm-badge--on-product-35289 yith-wcbm-badge-text' data-position='{&quot;top&quot;:&quot;20px&quot;,&quot;right&quot;:&quot;0px&quot;,&quot;bottom&quot;:&quot;0px&quot;,&quot;left&quot;:&quot;0px&quot;}' data-transform=''>\n<div class='yith-wcbm-badge__wrap'>\n<div class=\"yith-wcbm-badge-text\">\n<div style=\"font-family: 'Open Sans', sans-serif;color: #ffffff;font-size: 13px\">Elektrisch\/W\u00e4rmepumpe<\/div>\n<\/div><\/div>\n<\/div>\n<p><!--yith-wcbm-badge-->\n<\/div>\n<p><!--container-image-and-badge--><\/div>\n<div class=\"wc-block-grid__product-title\">Elektroofen Elektroheizung f\u00fcr Badefass<\/div>\n<p>\t\t\t\t<\/a><\/p>\n<div class=\"wc-block-grid__product-price price\"><span class=\"woocommerce-Price-amount amount\"><span class=\"woocommerce-Price-currencySymbol\">&euro;<\/span>936<\/span><\/div>\n<\/li>\n<li class=\"wc-block-grid__product\">\n\t\t\t\t<a href=\"https:\/\/www.badetonneholz.de\/ch\/shop\/tarpaulin-leichte-abdeckung-fur-whirlpool\/\" class=\"wc-block-grid__product-link\"><\/p>\n<div class=\"wc-block-grid__product-image\">\n<div class='container-image-and-badge  '><img decoding=\"async\" width=\"150\" height=\"150\" src=\"https:\/\/www.badetonneholz.de\/wp-content\/uploads\/2021\/07\/Tarpaulin-leichte-Abdeckung-fuer-Whirlpool-1-150x150.png\" class=\"attachment-woocommerce_thumbnail size-woocommerce_thumbnail\" alt=\"Tarpaulin Leichte Abdeckung F\u00fcr Whirlpool (1)\" title=\"\">            <\/div>\n<p><!--container-image-and-badge--><\/div>\n<div class=\"wc-block-grid__product-title\">Tarpaulin leichte Abdeckung f\u00fcr Whirlpool<\/div>\n<p>\t\t\t\t<\/a><\/p>\n<div class=\"wc-block-grid__product-price price\"><span class=\"woocommerce-Price-amount amount\"><span class=\"woocommerce-Price-currencySymbol\">&euro;<\/span>418<\/span><\/div>\n<\/li>\n<\/ul>\n<\/div>\n","protected":false},"excerpt":{"rendered":"<p>***Bitte beachten Sie, dass dies&nbsp;nicht ein realer&nbsp;Auftrag, und&nbsp;Sie nicht&nbsp;f\u00fcr Ihre Simulation, die wir erhalten, zahlen werden.&nbsp;Dieses System&nbsp;wurde entwickelt, um die Kommunikation zu erleichtern. Nachdem Sie uns Ihre Simulation und Ihre Kommentare \u00fcber das, was sollte ge\u00e4ndert oder hinzugef\u00fcgt (falls vorhanden), passen wir den Preis und kontaktieren Sie in 24-48 Stunden.&nbsp;Nachdem&nbsp;Ihre&nbsp;Simulation, erhalten Sie den Brief mit [&hellip;]<\/p>\n","protected":false},"author":1,"featured_media":0,"parent":0,"menu_order":0,"comment_status":"closed","ping_status":"open","template":"","meta":{"_uag_custom_page_level_css":"","footnotes":""},"class_list":["post-15","page","type-page","status-publish","hentry"],"wppr_data":{"cwp_meta_box_check":"No"},"uagb_featured_image_src":{"full":false,"thumbnail":false,"medium":false,"medium_large":false,"large":false},"uagb_author_info":{"display_name":"Manfred Wolf DE [VERIFIZIERT]","author_link":"https:\/\/www.badetonneholz.de\/ch\/author\/admin\/"},"uagb_comment_info":0,"uagb_excerpt":"***Bitte beachten Sie, dass dies&nbsp;nicht ein realer&nbsp;Auftrag, und&nbsp;Sie nicht&nbsp;f\u00fcr Ihre Simulation, die wir erhalten, zahlen werden.&nbsp;Dieses System&nbsp;wurde entwickelt, um die Kommunikation zu erleichtern. Nachdem Sie uns Ihre Simulation und Ihre Kommentare \u00fcber das, was sollte ge\u00e4ndert oder hinzugef\u00fcgt (falls vorhanden), passen wir den Preis und kontaktieren Sie in 24-48 Stunden.&nbsp;Nachdem&nbsp;Ihre&nbsp;Simulation, erhalten Sie den Brief mit&hellip;","_links":{"self":[{"href":"https:\/\/www.badetonneholz.de\/ch\/wp-json\/wp\/v2\/pages\/15","targetHints":{"allow":["GET"]}}],"collection":[{"href":"https:\/\/www.badetonneholz.de\/ch\/wp-json\/wp\/v2\/pages"}],"about":[{"href":"https:\/\/www.badetonneholz.de\/ch\/wp-json\/wp\/v2\/types\/page"}],"author":[{"embeddable":true,"href":"https:\/\/www.badetonneholz.de\/ch\/wp-json\/wp\/v2\/users\/1"}],"replies":[{"embeddable":true,"href":"https:\/\/www.badetonneholz.de\/ch\/wp-json\/wp\/v2\/comments?post=15"}],"version-history":[{"count":0,"href":"https:\/\/www.badetonneholz.de\/ch\/wp-json\/wp\/v2\/pages\/15\/revisions"}],"wp:attachment":[{"href":"https:\/\/www.badetonneholz.de\/ch\/wp-json\/wp\/v2\/media?parent=15"}],"curies":[{"name":"wp","href":"https:\/\/api.w.org\/{rel}","templated":true}]}}