{"id":35289,"date":"2005-05-18T09:56:48","date_gmt":"2005-05-18T07:56:48","guid":{"rendered":"https:\/\/badetonneholz.de\/?post_type=product&#038;p=35289"},"modified":"2026-01-11T16:13:30","modified_gmt":"2026-01-11T14:13:30","slug":"elektroofen-elektroheizung-badefass","status":"publish","type":"product","link":"https:\/\/www.badetonneholz.de\/at\/shop\/elektroofen-elektroheizung-badefass\/","title":{"rendered":"Elektroofen Elektroheizung f\u00fcr Badefass"},"content":{"rendered":"<h2><strong>Elektroofen Elektroheizung f\u00fcr Badefass Badezuber:<\/strong><\/h2>\n<p>Genie\u00dfen Sie entspannende Momente der Erholung mit unserem hochwertigen Elektroofen f\u00fcr Ihr Badefass. Dieses zuverl\u00e4ssige und effiziente Heizsystem wurde entwickelt, um Ihr Badeerlebnis zu maximieren und Ihnen eine wohltuende W\u00e4rme zu bieten.<\/p>\n<p>Der Elektroofen ist speziell f\u00fcr Badef\u00e4sser konzipiert und erm\u00f6glicht es Ihnen, die Temperatur des Wassers nach Ihren W\u00fcnschen zu regulieren. Dank seiner einfachen Bedienung k\u00f6nnen Sie die gew\u00fcnschte Temperatur m\u00fchelos einstellen und so ein perfekt temperiertes Bad genie\u00dfen.<\/p>\n<p>Hervorragende Merkmale unseres Elektroofens f\u00fcr Badef\u00e4sser:<\/p>\n<ol>\n<li><strong>Leistungsstark und Effizient:<\/strong> Der Elektroofen liefert eine beeindruckende Leistung, um Ihr Badewasser schnell und effizient auf die gew\u00fcnschte Temperatur zu bringen.<\/li>\n<li><strong>Einfache Bedienung:<\/strong> Die benutzerfreundliche Steuerung erm\u00f6glicht es Ihnen, die Temperatur pr\u00e4zise einzustellen und so ein individuell angepasstes Badeerlebnis zu schaffen.<\/li>\n<li><strong>Sicherheit an erster Stelle:<\/strong> Mit integrierten Sicherheitsfunktionen gew\u00e4hrleistet unser Elektroofen ein sorgenfreies Badevergn\u00fcgen. Die automatische Abschaltung sch\u00fctzt vor \u00dcberhitzung und sorgt f\u00fcr eine sichere Nutzung.<\/li>\n<li><strong>Robuste Bauweise:<\/strong> Hergestellt aus hochwertigen Materialien, ist der Elektroofen langlebig und best\u00e4ndig gegen\u00fcber den Herausforderungen der Witterung.<\/li>\n<li><strong>Energieeffizient:<\/strong> Durch innovative Technologie ist unser Elektroofen nicht nur leistungsstark, sondern auch energieeffizient, was zu einer kosteng\u00fcnstigen Nutzung f\u00fchrt.<\/li>\n<\/ol>\n<p>Erleben Sie die Vorz\u00fcge eines perfekt temperierten Badefasses mit unserem zuverl\u00e4ssigen Elektroofen. G\u00f6nnen Sie sich entspannende Stunden und schaffen Sie sich Ihre pers\u00f6nliche Wellness-Oase im eigenen Garten. Bestellen Sie jetzt und tauchen Sie ein in das ultimative Badeerlebnis!<\/p>\n<p><em>Inbegriffen:<\/em><\/p>\n<ul>\n<li>Wasserpumpe (306x183x152mm, 0,55 kW);<\/li>\n<li>Verbindungen;<\/li>\n<li>Kunststoff-Ellbogen;<\/li>\n<li>\u00dcberhitzungsschutz und Durchflussschalter;<\/li>\n<li>Der Sicherungskasten ist nicht enthalten.<\/li>\n<li>Eigenschaften der elektrischen Heizung f\u00fcr die Whirlpools:<\/li>\n<li>Leistung: 6 kW. Kann an 220 V einphasig oder 380 V, 3 Phasen angeschlossen werden.<\/li>\n<li>Ausgestattet mit Thermostat 0-45 \u00b0 C;<\/li>\n<li>Verbindungskupplungen f\u00fcr Rohre \u00d8 50 mm;<\/li>\n<li>Getestet und zertifiziert.<\/li>\n<\/ul>\n<p>&nbsp;<\/p>","protected":false},"excerpt":{"rendered":"<p style=\"text-align: right;\"><strong>[Inkl. % MwSt]<\/strong><\/p>\n<p style=\"text-align: right;\"><span style=\"color: #ff0000;\"><strong>**Versandkosten:\u00a0Inklusive<\/strong><\/span><br \/>\n[credit cards=\"paypal,visa,mastercard\"]<\/p>\n","protected":false},"featured_media":35290,"comment_status":"closed","ping_status":"closed","template":"","meta":{"_uag_custom_page_level_css":""},"product_brand":[],"product_cat":[287],"product_tag":[],"class_list":{"0":"post-35289","1":"product","2":"type-product","3":"status-publish","4":"has-post-thumbnail","6":"product_cat-zubehoer","8":"first","9":"instock","10":"taxable","11":"shipping-taxable","12":"purchasable","13":"product-type-variable"},"wppr_data":{"cwp_meta_box_check":"No"},"uagb_featured_image_src":{"full":["https:\/\/www.badetonneholz.de\/wp-content\/uploads\/2018\/05\/Elektroheizer-f\u00fcr-Whirlpools-und-Badezubern-1.jpg",632,284,false],"thumbnail":["https:\/\/www.badetonneholz.de\/wp-content\/uploads\/2018\/05\/Elektroheizer-f\u00fcr-Whirlpools-und-Badezubern-1-150x150.jpg",150,150,true],"medium":["https:\/\/www.badetonneholz.de\/wp-content\/uploads\/2018\/05\/Elektroheizer-f\u00fcr-Whirlpools-und-Badezubern-1-300x135.jpg",300,135,true],"medium_large":["https:\/\/www.badetonneholz.de\/wp-content\/uploads\/2018\/05\/Elektroheizer-f\u00fcr-Whirlpools-und-Badezubern-1.jpg",null,null,true],"large":["https:\/\/www.badetonneholz.de\/wp-content\/uploads\/2018\/05\/Elektroheizer-f\u00fcr-Whirlpools-und-Badezubern-1.jpg",632,284,true]},"uagb_author_info":{"display_name":"Rita","author_link":"https:\/\/www.badetonneholz.de\/at\/author\/"},"uagb_comment_info":0,"uagb_excerpt":"[Inkl. % MwSt] **Versandkosten:\u00a0Inklusive [credit cards=\"paypal,visa,mastercard\"]","_links":{"self":[{"href":"https:\/\/www.badetonneholz.de\/at\/wp-json\/wp\/v2\/product\/35289","targetHints":{"allow":["GET"]}}],"collection":[{"href":"https:\/\/www.badetonneholz.de\/at\/wp-json\/wp\/v2\/product"}],"about":[{"href":"https:\/\/www.badetonneholz.de\/at\/wp-json\/wp\/v2\/types\/product"}],"replies":[{"embeddable":true,"href":"https:\/\/www.badetonneholz.de\/at\/wp-json\/wp\/v2\/comments?post=35289"}],"wp:featuredmedia":[{"embeddable":true,"href":"https:\/\/www.badetonneholz.de\/at\/wp-json\/wp\/v2\/media\/35290"}],"wp:attachment":[{"href":"https:\/\/www.badetonneholz.de\/at\/wp-json\/wp\/v2\/media?parent=35289"}],"wp:term":[{"taxonomy":"product_brand","embeddable":true,"href":"https:\/\/www.badetonneholz.de\/at\/wp-json\/wp\/v2\/product_brand?post=35289"},{"taxonomy":"product_cat","embeddable":true,"href":"https:\/\/www.badetonneholz.de\/at\/wp-json\/wp\/v2\/product_cat?post=35289"},{"taxonomy":"product_tag","embeddable":true,"href":"https:\/\/www.badetonneholz.de\/at\/wp-json\/wp\/v2\/product_tag?post=35289"}],"curies":[{"name":"wp","href":"https:\/\/api.w.org\/{rel}","templated":true}]}}