{"id":29144,"date":"2014-02-23T15:04:24","date_gmt":"2014-02-23T13:04:24","guid":{"rendered":"https:\/\/badetonneholz.de\/shop\/badefass-badezuber-wasser-einfrierschutz\/"},"modified":"2024-06-18T14:15:59","modified_gmt":"2024-06-18T12:15:59","slug":"badefass-badezuber-wasser-einfrierschutz","status":"publish","type":"product","link":"https:\/\/www.badetonneholz.de\/at\/shop\/badefass-badezuber-wasser-einfrierschutz\/","title":{"rendered":"Titanrohr Heizer &#8211; Einfrierschutz"},"content":{"rendered":"<h2><strong>Titanrohr Heizer &#8211; Badefass Badezuber Wasser Einfrierschutz:<\/strong><\/h2>\n<p><em>Genie\u00dfen Sie Ihre Badetonne den ganzen Winter lang! <\/em><\/p>\n<ul>\n<li>Leistung: 300W;<\/li>\n<li>L\u00e4nge: 35mm;<\/li>\n<li>L\u00e4nge des Kabels: 10m;<\/li>\n<li>Styropor-Schwimmer.<\/li>\n<\/ul>\n<p><strong>Anwendung<\/strong><\/p>\n<ul>\n<li>Zum Befestigen den Heizer durch die Mitte des Styroporschwimmers stecken, bitte Aussparung f\u00fcr Kappe beachten.<\/li>\n<li>Das Ger\u00e4t ins Wasser legen und erst dann den Netzstecker einstecken. Heizer nur im Wasser bestimmungsgem\u00e4\u00df verwenden.<\/li>\n<\/ul>\n<p><strong>Wichtige Information<\/strong><\/p>\n<ul>\n<li style=\"text-align: justify;\">Vor dem Hineinfassen ins Wasser alle im Wasser befindlichen Ger\u00e4te vom Netz trennen.<\/li>\n<li style=\"text-align: justify;\">Trennen Sie die Stromverbindung aller elektrischen Ausr\u00fcstungen bevor Sie die Heizung in der Badetonne platzieren!<\/li>\n<li style=\"text-align: justify;\">Dieses Ger\u00e4t ist nicht daf\u00fcr bestimmt, durch Personen (einschlie\u00dflich Kinder) mit eingeschr\u00e4nkten physischen, sensorischen oder geistigen F\u00e4higkeiten oder mangels Erfahrung und\/oder mangels Wissen benutzt zu werden, es sei denn, sie werden durch eine f\u00fcr ihre Sicherheit zust\u00e4ndige Person beaufsichtigt oder erhielten von ihr Anweisungen, wie das Ger\u00e4t zu benutzen ist. Kinder sollten beaufsichtigt werden, um sicherzustellen, dass sie nicht mit dem Ger\u00e4t spielen.<\/li>\n<li style=\"text-align: justify;\">Der Heizer darf nur in Verbindung mit einem Fehlerstromschutzschalter mit max. 30 mA betrieben werden. Bitte fragen Sie Ihren Elektrofachmann.<\/li>\n<li style=\"text-align: justify;\">Die Anschlussleitung dieses Ger\u00e4tes kann nicht selbst ersetzt werden, bei Besch\u00e4digung der Leitung sollte das Ger\u00e4t ausgetauscht werden.<\/li>\n<li style=\"text-align: justify;\">Vor dem Entfernen des Heizers aus dem Wasser ist vorher der Netzstecker zu ziehen. Heizer nur im abgek\u00fchlten Zustand aus dem Wasser nehmen und nicht auf brennbare Unterlagen legen.<\/li>\n<\/ul>\n<p>&nbsp;<\/p>","protected":false},"excerpt":{"rendered":"<p style=\"text-align: right;\"><strong>[Inkl. % MwSt]<\/strong><\/p>\n<p style=\"text-align: right;\"><span style=\"color: #ff0000;\"><strong>**Versandkosten:\u00a0Inklusive<\/strong><\/span><br \/>\n**Lieferung: ~5-10 Werktagen<\/p>\n<p style=\"text-align: right;\">[credit cards=\"paypal,visa,mastercard\"]<\/p>\n","protected":false},"featured_media":32845,"comment_status":"closed","ping_status":"closed","template":"","meta":{"_uag_custom_page_level_css":""},"product_brand":[],"product_cat":[287],"product_tag":[],"class_list":{"0":"post-29144","1":"product","2":"type-product","3":"status-publish","4":"has-post-thumbnail","6":"product_cat-zubehoer","8":"first","9":"instock","10":"sold-individually","11":"taxable","12":"shipping-taxable","13":"purchasable","14":"product-type-simple"},"wppr_data":{"cwp_meta_box_check":"No"},"uagb_featured_image_src":{"full":["https:\/\/www.badetonneholz.de\/wp-content\/uploads\/2014\/02\/Titanrohr-Heizer-Einfrierschutz-TimberIN.jpg",1000,1000,false],"thumbnail":["https:\/\/www.badetonneholz.de\/wp-content\/uploads\/2014\/02\/Titanrohr-Heizer-Einfrierschutz-TimberIN-150x150.jpg",150,150,true],"medium":["https:\/\/www.badetonneholz.de\/wp-content\/uploads\/2014\/02\/Titanrohr-Heizer-Einfrierschutz-TimberIN-300x300.jpg",300,300,true],"medium_large":["https:\/\/www.badetonneholz.de\/wp-content\/uploads\/2014\/02\/Titanrohr-Heizer-Einfrierschutz-TimberIN.jpg",null,null,true],"large":["https:\/\/www.badetonneholz.de\/wp-content\/uploads\/2014\/02\/Titanrohr-Heizer-Einfrierschutz-TimberIN-700x700.jpg",700,700,true]},"uagb_author_info":{"display_name":"Manfred Wolf DE [VERIFIZIERT]","author_link":"https:\/\/www.badetonneholz.de\/at\/author\/"},"uagb_comment_info":0,"uagb_excerpt":"[Inkl. % MwSt] **Versandkosten:\u00a0Inklusive **Lieferung: ~5-10 Werktagen [credit cards=\"paypal,visa,mastercard\"]","_links":{"self":[{"href":"https:\/\/www.badetonneholz.de\/at\/wp-json\/wp\/v2\/product\/29144","targetHints":{"allow":["GET"]}}],"collection":[{"href":"https:\/\/www.badetonneholz.de\/at\/wp-json\/wp\/v2\/product"}],"about":[{"href":"https:\/\/www.badetonneholz.de\/at\/wp-json\/wp\/v2\/types\/product"}],"replies":[{"embeddable":true,"href":"https:\/\/www.badetonneholz.de\/at\/wp-json\/wp\/v2\/comments?post=29144"}],"wp:featuredmedia":[{"embeddable":true,"href":"https:\/\/www.badetonneholz.de\/at\/wp-json\/wp\/v2\/media\/32845"}],"wp:attachment":[{"href":"https:\/\/www.badetonneholz.de\/at\/wp-json\/wp\/v2\/media?parent=29144"}],"wp:term":[{"taxonomy":"product_brand","embeddable":true,"href":"https:\/\/www.badetonneholz.de\/at\/wp-json\/wp\/v2\/product_brand?post=29144"},{"taxonomy":"product_cat","embeddable":true,"href":"https:\/\/www.badetonneholz.de\/at\/wp-json\/wp\/v2\/product_cat?post=29144"},{"taxonomy":"product_tag","embeddable":true,"href":"https:\/\/www.badetonneholz.de\/at\/wp-json\/wp\/v2\/product_tag?post=29144"}],"curies":[{"name":"wp","href":"https:\/\/api.w.org\/{rel}","templated":true}]}}