{"id":18563,"date":"2005-01-02T12:00:37","date_gmt":"2005-01-02T10:00:37","guid":{"rendered":"https:\/\/badetonneholz.de\/shop\/timbertemp-neur-smart-3d-druck-bluetooth-thermometer\/"},"modified":"2024-06-18T14:16:33","modified_gmt":"2024-06-18T12:16:33","slug":"timbertemp-neur-smart-3d-druck-bluetooth-thermometer","status":"publish","type":"product","link":"https:\/\/www.badetonneholz.de\/at\/shop\/timbertemp-neur-smart-3d-druck-bluetooth-thermometer\/","title":{"rendered":"Smart Thermometer f\u00fcr Whirlpools"},"content":{"rendered":"<h2 class=\"post-title\"><strong>Smart Thermometer f\u00fcr Whirlpools:<\/strong><\/h2>\n<p>Das &#8222;Comboss WiFi-Hygrometer Thermometer-Sensor, kabelloser Temperatur- und Feuchtigkeitssensor f\u00fcr den Innen- und Au\u00dfenbereich mit Remote-App-Benachrichtigungsalarm, Arbeit mit der Tuya-App (1-Pack)&#8220; wird originalverpackt geliefert. Es besteht aus Kunststoff und ist gut verarbeitet. CE- und FCC-Zeichen sind vorhanden. Die Integration in SmartLife \/ Tuya funktioniert problemlos. Es wird direkt erkannt und kann nach kurzer Zeit verwendet werden. Das Monitoring von Temperatur- und Feuchtigkeitsverlauf ist sehr sch\u00f6n dargestellt und kann zwischen Tag \/ Monat \/ Jahr umgeschaltet werden.<\/p>\n<p>Das Ger\u00e4t verf\u00fcgt \u00fcber smarte Funktionen zum Beispiel Mit Hilfe von Alexa k\u00f6nnen Sie die Temperatur per Sprachbefehl abfragen.<\/p>\n<p><strong>Bitte beachten Sie, dass dieses Thermometer in die Isolierung des Whirlpools gesteckt werden sollte. Es sollte von innen direkten Kontakt zu Glasfaseroberfl\u00e4chen haben. Werfen Sie das Thermometer nicht ins Wasser.<\/strong><\/p>\n<p>Holen Sie sich dieses Thermometer kostenlos! Was Sie tun m\u00fcssten:<\/p>\n<ul>\n<li>Um einen Whirlpool aus unserer Produktionsliste zu kaufen;<\/li>\n<li>Um ein Bild von Ihrem Garten zu machen und uns zu schicken;<\/li>\n<li>Um das Bild und das Feedback auf Instagram oder Facebook zu teilen, indem Sie uns markieren und uns einen Screenshot als Beweis senden;<\/li>\n<li>Und wir senden das Thermometer kostenlos an Ihre Adresse.<\/li>\n<\/ul>\n<p>&nbsp;<\/p>\n<div id=\"gtx-trans\" style=\"position: absolute; left: 466px; top: 432px;\">\n<div class=\"gtx-trans-icon\"><\/div>\n<\/div>","protected":false},"excerpt":{"rendered":"<p style=\"text-align: right;\"><strong>[Inkl. % MwSt]<\/strong><\/p>\n<p style=\"text-align: right;\"><span style=\"color: #ff0000;\"><strong>**Versandkosten:\u00a0Inklusive<\/strong><\/span><br \/>\n**Lieferung: ~5 Werktagen<\/p>\n<p style=\"text-align: right;\">[credit cards=\"paypal,visa,mastercard\"]<\/p>\n","protected":false},"featured_media":55872,"comment_status":"closed","ping_status":"closed","template":"","meta":{"_uag_custom_page_level_css":""},"product_brand":[],"product_cat":[287],"product_tag":[],"class_list":{"0":"post-18563","1":"product","2":"type-product","3":"status-publish","4":"has-post-thumbnail","6":"product_cat-zubehoer","7":"pa_color-golden","8":"pa_color-silber","10":"first","11":"instock","12":"taxable","13":"shipping-taxable","14":"product-type-simple"},"wppr_data":{"cwp_meta_box_check":"No"},"uagb_featured_image_src":{"full":["https:\/\/www.badetonneholz.de\/wp-content\/uploads\/2005\/01\/Smart-Thermometer-fuer-Whirlpools-2.jpg",672,686,false],"thumbnail":["https:\/\/www.badetonneholz.de\/wp-content\/uploads\/2005\/01\/Smart-Thermometer-fuer-Whirlpools-2-150x150.jpg",150,150,true],"medium":["https:\/\/www.badetonneholz.de\/wp-content\/uploads\/2005\/01\/Smart-Thermometer-fuer-Whirlpools-2-300x306.jpg",300,306,true],"medium_large":["https:\/\/www.badetonneholz.de\/wp-content\/uploads\/2005\/01\/Smart-Thermometer-fuer-Whirlpools-2.jpg",null,null,true],"large":["https:\/\/www.badetonneholz.de\/wp-content\/uploads\/2005\/01\/Smart-Thermometer-fuer-Whirlpools-2.jpg",672,686,true]},"uagb_author_info":{"display_name":"Manfred Wolf DE [VERIFIZIERT]","author_link":"https:\/\/www.badetonneholz.de\/at\/author\/"},"uagb_comment_info":0,"uagb_excerpt":"[Inkl. % MwSt] **Versandkosten:\u00a0Inklusive **Lieferung: ~5 Werktagen [credit cards=\"paypal,visa,mastercard\"]","_links":{"self":[{"href":"https:\/\/www.badetonneholz.de\/at\/wp-json\/wp\/v2\/product\/18563","targetHints":{"allow":["GET"]}}],"collection":[{"href":"https:\/\/www.badetonneholz.de\/at\/wp-json\/wp\/v2\/product"}],"about":[{"href":"https:\/\/www.badetonneholz.de\/at\/wp-json\/wp\/v2\/types\/product"}],"replies":[{"embeddable":true,"href":"https:\/\/www.badetonneholz.de\/at\/wp-json\/wp\/v2\/comments?post=18563"}],"wp:featuredmedia":[{"embeddable":true,"href":"https:\/\/www.badetonneholz.de\/at\/wp-json\/wp\/v2\/media\/55872"}],"wp:attachment":[{"href":"https:\/\/www.badetonneholz.de\/at\/wp-json\/wp\/v2\/media?parent=18563"}],"wp:term":[{"taxonomy":"product_brand","embeddable":true,"href":"https:\/\/www.badetonneholz.de\/at\/wp-json\/wp\/v2\/product_brand?post=18563"},{"taxonomy":"product_cat","embeddable":true,"href":"https:\/\/www.badetonneholz.de\/at\/wp-json\/wp\/v2\/product_cat?post=18563"},{"taxonomy":"product_tag","embeddable":true,"href":"https:\/\/www.badetonneholz.de\/at\/wp-json\/wp\/v2\/product_tag?post=18563"}],"curies":[{"name":"wp","href":"https:\/\/api.w.org\/{rel}","templated":true}]}}