{"id":15607,"date":"2016-04-20T09:58:24","date_gmt":"2016-04-20T07:58:24","guid":{"rendered":"https:\/\/badetonneholz.de\/product\/luftblase-massage-system\/"},"modified":"2024-06-18T14:17:07","modified_gmt":"2024-06-18T12:17:07","slug":"badefass-badezuber-luftsprudelmassage","status":"publish","type":"product","link":"https:\/\/www.badetonneholz.de\/at\/shop\/badefass-badezuber-luftsprudelmassage\/","title":{"rendered":"Luftsprudelsystem f\u00fcr Badefass"},"content":{"rendered":"<h2><strong>\u00a0Luftsprudelsystem f\u00fcr Badefass<\/strong><\/h2>\n<p>Tauchen Sie ein in ein ultimatives Badeerlebnis mit unserem hochwertigen Luftsprudelsystem f\u00fcr Badef\u00e4sser. Dieses innovative System verleiht Ihrem Badefass eine zus\u00e4tzliche Dimension von Entspannung und Genuss.<\/p>\n<p><strong>Eigenschaften:<\/strong><\/p>\n<ol>\n<li><strong>Blasen der Entspannung:<\/strong> Unser Luftsprudelsystem erzeugt feine Blasen, die sanft Ihren K\u00f6rper massieren und eine beruhigende Wirkung auf Ihre Muskeln haben.<\/li>\n<li><strong>Einfache Installation:<\/strong> Die Installation ist m\u00fchelos und kann ohne gro\u00dfen Aufwand in Ihr vorhandenes Badefass integriert werden. Schlie\u00dfen Sie das System einfach an, und schon k\u00f6nnen Sie Ihr verbessertes Badeerlebnis genie\u00dfen.<\/li>\n<li><strong>Langlebige Materialien:<\/strong> Hergestellt aus hochwertigen, langlebigen Materialien, garantiert unser Luftsprudelsystem eine zuverl\u00e4ssige Leistung \u00fcber lange Zeit hinweg.<\/li>\n<li><strong>Energieeffizient:<\/strong> Mit einem energieeffizienten Design sorgt unser Luftsprudelsystem f\u00fcr maximalen Genuss bei minimalem Energieverbrauch.<\/li>\n<\/ol>\n<p><strong>Warum unser Luftsprudelsystem w\u00e4hlen?<\/strong><\/p>\n<p>Mit unserem Luftsprudelsystem f\u00fcr Badef\u00e4sser holen Sie sich Luxus und Wellness direkt nach Hause. Entspannen Sie sich in Ihrem eigenen kleinen Paradies und erleben Sie die ultimative Verw\u00f6hnung f\u00fcr K\u00f6rper und Geist.<\/p>\n<p>Investieren Sie in Qualit\u00e4t und Komfort \u2013 w\u00e4hlen Sie das Luftsprudelsystem f\u00fcr Badef\u00e4sser, und g\u00f6nnen Sie sich das Beste f\u00fcr Ihre pers\u00f6nliche Wellness-Oase.<\/p>\n<ul>\n<li>12 Massaged\u00fcsen;<\/li>\n<li>Luftsprudelmassage Pumpe;<\/li>\n<li>Alle erforderlichen Armaturen.<\/li>\n<li>CE Kennzeichnung<\/li>\n<\/ul>\n<p>Charakteristiken Wassermassagepumpe:<\/p>\n<ul>\n<li>Eingang: 0,7 kW; 230 V &#8211; 3,3 A.<\/li>\n<\/ul>","protected":false},"excerpt":{"rendered":"<p style=\"text-align: right;\"><strong>[Inkl. % MwSt]<\/strong><\/p>\n<p style=\"text-align: right;\"><strong>**Versandkosten:\u00a0Inklusive<\/strong><br \/>\n**Lieferung: ~10-15 Werktagen<\/p>\n<p style=\"text-align: right;\">[credit cards=\"paypal,visa,mastercard\"]<\/p>\n","protected":false},"featured_media":32851,"comment_status":"closed","ping_status":"closed","template":"","meta":{"_uag_custom_page_level_css":""},"product_brand":[],"product_cat":[287],"product_tag":[],"class_list":{"0":"post-15607","1":"product","2":"type-product","3":"status-publish","4":"has-post-thumbnail","6":"product_cat-zubehoer","8":"first","9":"instock","10":"taxable","11":"shipping-taxable","12":"purchasable","13":"product-type-simple"},"wppr_data":{"cwp_meta_box_check":"No"},"uagb_featured_image_src":{"full":["https:\/\/www.badetonneholz.de\/wp-content\/uploads\/2016\/04\/Badefass-Badezuber-Luftsprudelmassage-TimberIN.jpg",458,458,false],"thumbnail":["https:\/\/www.badetonneholz.de\/wp-content\/uploads\/2016\/04\/Badefass-Badezuber-Luftsprudelmassage-TimberIN-150x150.jpg",150,150,true],"medium":["https:\/\/www.badetonneholz.de\/wp-content\/uploads\/2016\/04\/Badefass-Badezuber-Luftsprudelmassage-TimberIN-300x300.jpg",300,300,true],"medium_large":["https:\/\/www.badetonneholz.de\/wp-content\/uploads\/2016\/04\/Badefass-Badezuber-Luftsprudelmassage-TimberIN.jpg",null,null,true],"large":["https:\/\/www.badetonneholz.de\/wp-content\/uploads\/2016\/04\/Badefass-Badezuber-Luftsprudelmassage-TimberIN.jpg",458,458,true]},"uagb_author_info":{"display_name":"Manfred Wolf DE [VERIFIZIERT]","author_link":"https:\/\/www.badetonneholz.de\/at\/author\/"},"uagb_comment_info":0,"uagb_excerpt":"[Inkl. % MwSt] **Versandkosten:\u00a0Inklusive **Lieferung: ~10-15 Werktagen [credit cards=\"paypal,visa,mastercard\"]","_links":{"self":[{"href":"https:\/\/www.badetonneholz.de\/at\/wp-json\/wp\/v2\/product\/15607","targetHints":{"allow":["GET"]}}],"collection":[{"href":"https:\/\/www.badetonneholz.de\/at\/wp-json\/wp\/v2\/product"}],"about":[{"href":"https:\/\/www.badetonneholz.de\/at\/wp-json\/wp\/v2\/types\/product"}],"replies":[{"embeddable":true,"href":"https:\/\/www.badetonneholz.de\/at\/wp-json\/wp\/v2\/comments?post=15607"}],"wp:featuredmedia":[{"embeddable":true,"href":"https:\/\/www.badetonneholz.de\/at\/wp-json\/wp\/v2\/media\/32851"}],"wp:attachment":[{"href":"https:\/\/www.badetonneholz.de\/at\/wp-json\/wp\/v2\/media?parent=15607"}],"wp:term":[{"taxonomy":"product_brand","embeddable":true,"href":"https:\/\/www.badetonneholz.de\/at\/wp-json\/wp\/v2\/product_brand?post=15607"},{"taxonomy":"product_cat","embeddable":true,"href":"https:\/\/www.badetonneholz.de\/at\/wp-json\/wp\/v2\/product_cat?post=15607"},{"taxonomy":"product_tag","embeddable":true,"href":"https:\/\/www.badetonneholz.de\/at\/wp-json\/wp\/v2\/product_tag?post=15607"}],"curies":[{"name":"wp","href":"https:\/\/api.w.org\/{rel}","templated":true}]}}