{"id":15595,"date":"2016-04-20T09:54:05","date_gmt":"2016-04-20T07:54:05","guid":{"rendered":"https:\/\/badetonneholz.de\/?post_type=product&#038;p=15595"},"modified":"2024-06-18T14:18:31","modified_gmt":"2024-06-18T12:18:31","slug":"wasser-massagefunktion-massageduesen-badefass","status":"publish","type":"product","link":"https:\/\/www.badetonneholz.de\/at\/shop\/wasser-massagefunktion-massageduesen-badefass\/","title":{"rendered":"Wasser Massagefunktion Massaged\u00fcsen f\u00fcr Badefass"},"content":{"rendered":"<h2><strong>Wasser Massagefunktion Massaged\u00fcsen f\u00fcr Badefass<\/strong><\/h2>\n<p>Erleben Sie Wellness in einer neuen Dimension mit unserer Wasser Massagefunktion und den innovativen Massaged\u00fcsen f\u00fcr Ihr Badefass. Diese einzigartige Funktion verwandelt Ihr Badefass in einen Ort der Entspannung und Regeneration.<\/p>\n<p><strong>Eigenschaften:<\/strong><\/p>\n<ol>\n<li><strong>Gezielte Wasser Massage:<\/strong> Unsere hochwertigen Massaged\u00fcsen bieten eine gezielte und kraftvolle Massage, die Verspannungen l\u00f6st und eine wohltuende Entspannung erm\u00f6glicht.<\/li>\n<li><strong>Individuell einstellbar:<\/strong> Passen Sie die Intensit\u00e4t der Wasser Massagefunktion nach Ihren pers\u00f6nlichen Vorlieben an. Von sanft bis kr\u00e4ftig \u2013 gestalten Sie Ihr pers\u00f6nliches Wellness-Erlebnis.<\/li>\n<li><strong>Entspannung f\u00fcr den ganzen K\u00f6rper:<\/strong> Die Massaged\u00fcsen sind strategisch platziert, um eine umfassende Entspannung f\u00fcr den gesamten K\u00f6rper zu erm\u00f6glichen. Genie\u00dfen Sie die wohltuende Massage von Kopf bis Fu\u00df.<\/li>\n<li><strong>Hochwertige Materialien:<\/strong> Die Massaged\u00fcsen sind aus langlebigen Materialien gefertigt, um eine langfristige und zuverl\u00e4ssige Nutzung zu gew\u00e4hrleisten.<\/li>\n<\/ol>\n<p><strong>Warum unsere Wasser Massagefunktion mit Massaged\u00fcsen w\u00e4hlen?<\/strong><\/p>\n<p>Mit unserer Wasser Massagefunktion und den hochwertigen Massaged\u00fcsen f\u00fcr Ihr Badefass erleben Sie pure Erholung. Tauchen Sie ein, lassen Sie den Alltagsstress hinter sich und genie\u00dfen Sie die revitalisierende Massage, die K\u00f6rper und Geist belebt.<\/p>\n<p>Investieren Sie in Qualit\u00e4t und Luxus \u2013 w\u00e4hlen Sie unsere Wasser Massagefunktion mit Massaged\u00fcsen und schaffen Sie sich Ihr eigenes privates Spa-Erlebnis. Verwandeln Sie Ihr Badefass in einen Ort der Ruhe und Entspannung, wo die Kraft des Wassers Ihre Sinne verw\u00f6hnt.<\/p>\n<ul>\n<li>6 Massaged\u00fcsen;<\/li>\n<li>Wassermassagepumpe ;<\/li>\n<li>Alle erforderlichen Armaturen;<\/li>\n<li>CE Kennzeichnung.<\/li>\n<\/ul>\n<p>Charakteristiken der Wassermassagepumpe :<\/p>\n<ul>\n<li>Eingang: 0,9 kW; 230 V &#8211; 50 Hz;<\/li>\n<li>Q max: 350 l \/ min;<\/li>\n<li>H. max: 10 m;<\/li>\n<li>IP X5.<\/li>\n<\/ul>\n<style>\n       .errordiv { padding:10px; margin:10px; border: 1px solid #555555;color: #000000;background-color: #f8f8f8; width:500px; }#advanced_iframe {visibility:visible;opacity:1;vertical-align:top;}.ai-info-bottom-iframe { position: fixed; z-index: 10000; bottom:0; left: 0; margin: 0px; text-align: center; width: 100%; background-color: #ff9999; padding-left: 5px;padding-bottom: 5px; border-top: 1px solid #aaa } a.ai-bold {font-weight: bold;}#ai-layer-div-advanced_iframe p {height:100%;margin:0;padding:0}<\/style><script type=\"text\/javascript\">var ai_iframe_width_advanced_iframe = 0;var ai_iframe_height_advanced_iframe = 0;var aiOnloadScrollTop=\"true\";var aiShowDebug=false;\n\t\tif (typeof aiReadyCallbacks === 'undefined') {\n\t\t\tvar aiReadyCallbacks = [];\n\t\t} else if (!(aiReadyCallbacks instanceof Array)) {\n\t\t\tvar aiReadyCallbacks = [];\n\t\t}    function aiShowIframeId(id_iframe) { jQuery(\"#\"+id_iframe).css(\"visibility\", \"visible\");    }    function aiResizeIframeHeight(height) { aiResizeIframeHeight(height,advanced_iframe); }    function aiResizeIframeHeightId(height,width,id) {aiResizeIframeHeightById(id,height);}<\/script><iframe id=\"advanced_iframe\"  name=\"advanced_iframe\"  src=\"https:\/\/www.youtube.com\/embed\/iXF4X9ldUI4\"  width=\"100%\"  height=\"400\"  frameborder=\"0\"  border=\"0\"  allowtransparency=\"true\"  loading=\"lazy\"  style=\";border-width: 0px;;border: none;;width:100%;;height:400px;\" ><\/iframe><script type=\"text\/javascript\">var ifrm_advanced_iframe = document.getElementById(\"advanced_iframe\");var hiddenTabsDoneadvanced_iframe = false;\nfunction resizeCallbackadvanced_iframe() {}<\/script><script type=\"text\/javascript\"><\/script><p style=\"display:block !important; visibility:visible !important;margin: -18px 14px 0 0;padding-left: 3px;padding-top:3px;background: white; overflow: hidden; position: relative; line-height:15px;width: fit-content;\"><small style=\"display:block !important;visibility:visible !important\">powered by Advanced iFrame<\/small><\/p>\n<p>&nbsp;<\/p>","protected":false},"excerpt":{"rendered":"<p style=\"text-align: right;\"><strong>[Inkl. % MwSt]<\/strong><\/p>\n<p style=\"text-align: right;\"><strong>**Versandkosten:\u00a0Inklusive<\/strong><br \/>\n**Lieferung: ~10 Werktagen<\/p>\n<p style=\"text-align: right;\">[credit cards=\"paypal,visa,mastercard\"]<\/p>\n","protected":false},"featured_media":32852,"comment_status":"closed","ping_status":"closed","template":"","meta":{"_uag_custom_page_level_css":""},"product_brand":[],"product_cat":[287],"product_tag":[],"class_list":{"0":"post-15595","1":"product","2":"type-product","3":"status-publish","4":"has-post-thumbnail","6":"product_cat-zubehoer","8":"first","9":"instock","10":"taxable","11":"shipping-taxable","12":"purchasable","13":"product-type-simple"},"wppr_data":{"cwp_meta_box_check":"No"},"uagb_featured_image_src":{"full":["https:\/\/www.badetonneholz.de\/wp-content\/uploads\/2016\/04\/Hydromassage-Wassermassage-f\u00fcr-Hot-Tub-TimberIN.png",404,314,false],"thumbnail":["https:\/\/www.badetonneholz.de\/wp-content\/uploads\/2016\/04\/Hydromassage-Wassermassage-f\u00fcr-Hot-Tub-TimberIN-150x150.png",150,150,true],"medium":["https:\/\/www.badetonneholz.de\/wp-content\/uploads\/2016\/04\/Hydromassage-Wassermassage-f\u00fcr-Hot-Tub-TimberIN-300x233.png",300,233,true],"medium_large":["https:\/\/www.badetonneholz.de\/wp-content\/uploads\/2016\/04\/Hydromassage-Wassermassage-f\u00fcr-Hot-Tub-TimberIN.png",null,null,true],"large":["https:\/\/www.badetonneholz.de\/wp-content\/uploads\/2016\/04\/Hydromassage-Wassermassage-f\u00fcr-Hot-Tub-TimberIN.png",404,314,true]},"uagb_author_info":{"display_name":"Manfred Wolf DE [VERIFIZIERT]","author_link":"https:\/\/www.badetonneholz.de\/at\/author\/"},"uagb_comment_info":0,"uagb_excerpt":"[Inkl. % MwSt] **Versandkosten:\u00a0Inklusive **Lieferung: ~10 Werktagen [credit cards=\"paypal,visa,mastercard\"]","_links":{"self":[{"href":"https:\/\/www.badetonneholz.de\/at\/wp-json\/wp\/v2\/product\/15595","targetHints":{"allow":["GET"]}}],"collection":[{"href":"https:\/\/www.badetonneholz.de\/at\/wp-json\/wp\/v2\/product"}],"about":[{"href":"https:\/\/www.badetonneholz.de\/at\/wp-json\/wp\/v2\/types\/product"}],"replies":[{"embeddable":true,"href":"https:\/\/www.badetonneholz.de\/at\/wp-json\/wp\/v2\/comments?post=15595"}],"wp:featuredmedia":[{"embeddable":true,"href":"https:\/\/www.badetonneholz.de\/at\/wp-json\/wp\/v2\/media\/32852"}],"wp:attachment":[{"href":"https:\/\/www.badetonneholz.de\/at\/wp-json\/wp\/v2\/media?parent=15595"}],"wp:term":[{"taxonomy":"product_brand","embeddable":true,"href":"https:\/\/www.badetonneholz.de\/at\/wp-json\/wp\/v2\/product_brand?post=15595"},{"taxonomy":"product_cat","embeddable":true,"href":"https:\/\/www.badetonneholz.de\/at\/wp-json\/wp\/v2\/product_cat?post=15595"},{"taxonomy":"product_tag","embeddable":true,"href":"https:\/\/www.badetonneholz.de\/at\/wp-json\/wp\/v2\/product_tag?post=15595"}],"curies":[{"name":"wp","href":"https:\/\/api.w.org\/{rel}","templated":true}]}}