{"id":7377,"date":"2015-04-03T16:42:11","date_gmt":"2015-04-03T16:42:11","guid":{"rendered":"https:\/\/badetonneholz.de\/?page_id=7377"},"modified":"2025-11-12T13:16:39","modified_gmt":"2025-11-12T11:16:39","slug":"uber-uns","status":"publish","type":"page","link":"https:\/\/www.badetonneholz.de\/at\/uber-uns\/","title":{"rendered":"\u00dcber uns"},"content":{"rendered":"<p>Wir freuen uns und sind \u00e4u\u00dferst dankbar, bekannt zu geben, dass wir ab dem 24.04.2017 vom <em>European Union Intellectual Property Office<\/em> (B\u00fcro f\u00fcr geistiges Eigentum der Europ\u00e4ischen Union) offiziell zertifiziert (<em><strong>Zertifizierungsnummer 016147597<\/strong><\/em>) und in die Marken der Europ\u00e4ischen Union eingetragen worden sind. Wir haben einen strengen Best\u00e4tigungsprozess durchlaufen, um jedem zu zeigen, dass unsere Marke einzigartig ist und nur f\u00fcr unsere Produkte verwendet werden darf. Diese Beurteilung zeigt unsere Verbesserung, da wir jetzt die Herkunft unserer Produkte offiziell identifizieren k\u00f6nnen und niemand sonst Rechte hat, diese Marke zu verwenden. Wir haben bewiesen, dass unsere Produkte es wert sind, das individuelle Markenzeichen zu haben, da wir hinter unserer Qualit\u00e4t stehen. Au\u00dferdem ist es wichtig, unsere Marke vor anderen H\u00e4ndlern zu sichern, um m\u00f6gliche Konflikte in Zukunft zu vermeiden und gleichzeitig bedeutet dies, dass auch wir uns nicht auf irgendjemand anders beziehen.<\/p>\n<div class=\"wp-block-image\">\n<figure class=\"aligncenter size-full\"><a href=\"https:\/\/euipo.europa.eu\/eSearch\/#basic\/1+1+1+1\/timberin\" target=\"_blank\" rel=\"noreferrer noopener\"><img decoding=\"async\" width=\"1152\" height=\"399\" src=\"https:\/\/www.badetonneholz.de\/wp-content\/uploads\/2020\/01\/image.png\" alt=\"Image\" class=\"wp-image-42343\" title=\"\" srcset=\"https:\/\/www.badetonneholz.de\/wp-content\/uploads\/2020\/01\/image.png 1152w, https:\/\/www.badetonneholz.de\/wp-content\/uploads\/2020\/01\/image-300x104.png 300w, https:\/\/www.badetonneholz.de\/wp-content\/uploads\/2020\/01\/image-1024x355.png 1024w, https:\/\/www.badetonneholz.de\/wp-content\/uploads\/2020\/01\/image-768x266.png 768w\" sizes=\"(max-width: 1152px) 100vw, 1152px\" \/><\/a><\/figure>\n<\/div>\n<p>Wir haben uns daf\u00fcr entschieden, diesen Schritt zu gehen, aufgrund vieler irregef\u00fchrter&nbsp; Kunden, die online ihre Unsicherheiten \u00fcber den Kauf von Artikeln ausgedr\u00fcckt haben.&nbsp;<\/p>\n<p>Das Warenzeichen &#8222;<strong>TimberIN Baltic SPA &amp; Saunas<\/strong>&#8220; zu registrieren und zu etablieren war ein langer und harter Prozess, der im Laufe eines Jahres zahlreiche Tests und Auswertungen enthielt. Wir glauben fest daran, dass dieser Schritt absolut notwendig war, &#8222;<strong>TimberIN<\/strong>&#8220; von anderen hervorzuheben und zu trennen. Durch diesen Erfolg freuen wir uns darauf, unseren Kunden zu versichern, dass sie ein Original- und Qualit\u00e4tsprodukt kaufen, das niemand sonst unter der Marke &#8222;TimberIN&#8220; anbieten kann.<\/p>\n<p>Und zum Schluss, wenn Sie immer noch Zweifel haben, bitte, Sie sind immer willkommen, unser B\u00fcro und Fabrik jederzeit zu besuchen.&nbsp;<\/p>\n[smartslider3 slider=8]\n<div class=\"border-line\"><\/div>\n<div class=\"wp-block-image\">\n<figure class=\"aligncenter\"><a href=\"https:\/\/www.linkedin.com\/in\/timberin\/\" target=\"_blank\" rel=\"noopener noreferrer\"><img decoding=\"async\" src=\"https:\/\/www.woodenhottubsale.co.uk\/wp-content\/uploads\/2019\/06\/Albertas-Klovas-TimberIN-Linkedin-700x346.jpg\" alt=\"Albertas Klovas TimberIN Linkedin\" class=\"wp-image-98248\" title=\"\"><\/a><\/figure>\n<\/div>\n<blockquote class=\"wp-block-quote is-layout-flow wp-block-quote-is-layout-flow\">\n<p><em>\u201e<\/em><em>TimberIN\u2019s&nbsp;Produkte stehen f\u00fcr ein gutes Preis-Leistung Verh\u00e4ltnis\u201c<\/em>&nbsp;\u2013 dass&nbsp;allein ist&nbsp;das Geheimnis unseres erfolgreichen Gesch\u00e4fts. Von Beginn an unserer Produktion wollten wir kein Billiganbieter sein, da Sie nicht lange Freude an unseren Produkten haben w\u00fcrden, was wiederum auf unsere Produkte und deren Qualit\u00e4t zur\u00fcckfallen w\u00fcrde. Mit einem guten Service, ausgehend von einer anst\u00e4ndigen Beratung und Dokumentation nach Bestellauftrag halten wir Sie \u00fcber jeden Schritt ab Beginn der Produktion auf dem Laufenden. Wir sind f\u00fcr Sie da \u2013 von der Erstberatung bis zur Lieferung. Wir l\u00f6sen alle Fragen zeitnah auf und freuen uns nach Lieferung unserer Produkte auf ein positives Feedback \u2013 das allein zeichnet&nbsp;<em>\u201eTimberIN\u201c<\/em>&nbsp;aus.<\/p>\n<\/blockquote>\n<p><em>TimberIN<\/em> wurde 2009 als lokales Unternehmen gegr\u00fcndet. Durch eine geschickte Ausweitung der Produktliste und den damit verbundenen Anstieg der Verk\u00e4ufe, konnte <em><a href=\"https:\/\/www.badetonneholz.de\/ausstellung-deutschland-timberin-badefass\/\">TimberIN<\/a><\/em> <em>erfolgreiche<\/em> Kampagnen in L\u00e4ndern wie Deutschland, \u00d6sterreich, Schweiz, Frankreich, Niederlanden, Belgien, D\u00e4nemark, UK und Norwegen ins Leben rufen.<\/p>\n<p>Nicht nur unsere <em>Kunden<\/em> wussten Qualit\u00e4t und den damit verbundenen &nbsp;Erfolg zu sch\u00e4tzen, sondern auch <em>Google<\/em>. Unsere Webseiten werden f\u00fcr die genannten L\u00e4nder in den obersten Positionen gelistet. Sie k\u00f6nnen uns unter anderem auf google.de; google.fr; google.co.uk,\u2026 auf dem obersten Rang finden.&nbsp;Noch einmal m\u00f6chten wir uns bei allen f\u00fcr die Unterst\u00fctzung und Bewertungen bedanken und freuen uns immer wieder, wenn unsere <em>Kunden<\/em> uns ein Anerkennungsschreiben mit Bildern zukommen lassen. Das ist unsere Mission und daf\u00fcr arbeiten wir.<\/p>\n<p><span lang=\"DE\">***Wichtig: Bitte beachten Sie, dass k\u00fcrzlich viele Webseiten im Internet aufgetaucht und verschwunden sind, welche Hot tubs\u00a0und Fasssaunen online anbieten. Manche Webseiten haben versucht unser\u00a0\u00a0digitales Eigentum (Bilder und Videos) illegal zu nutzen und wurden daher verboten.<\/span><\/p>\n<p><span lang=\"DE\">Bitte beachten Sie, dass wenn Sie die gleichen Bilder mit oder ohne \u201eT.in\u201c oder \u201eTimberIN\u201c Logo auf anderen Webseiten sehen, dass diese illegal genutzt werden. Wir bitten Sie uns hier\u00fcber zu informieren, sodass wir legale Schritte gegen die Straft\u00e4ter einleiten k\u00f6nnen. Alle Produktmodelle sind streng im Besitz von TimberIN.<\/span><\/p>\n<p><span lang=\"DE\">Produkte in der Qualit\u00e4t, wie sie auf den Bildern auf unserer Webseite dargestellt sind, k\u00f6nnen NUR durch TimberIN bestellt und gekauft werden. Doch vertrauen Sie uns nicht blind. Bitte lesen Sie, was Kunden aus verschiedenen europ\u00e4ischen L\u00e4ndern \u00fcber uns zu sagen haben.<\/span><\/p>\n","protected":false},"excerpt":{"rendered":"<p>Wir freuen uns und sind \u00e4u\u00dferst dankbar, bekannt zu geben, dass wir ab dem 24.04.2017 vom European Union Intellectual Property Office (B\u00fcro f\u00fcr geistiges Eigentum der Europ\u00e4ischen Union) offiziell zertifiziert (Zertifizierungsnummer 016147597) und in die Marken der Europ\u00e4ischen Union eingetragen worden sind. Wir haben einen strengen Best\u00e4tigungsprozess durchlaufen, um jedem zu zeigen, dass unsere Marke [&hellip;]<\/p>\n","protected":false},"author":1,"featured_media":0,"parent":0,"menu_order":0,"comment_status":"closed","ping_status":"open","template":"","meta":{"_uag_custom_page_level_css":"","footnotes":""},"class_list":["post-7377","page","type-page","status-publish","hentry"],"wppr_data":{"cwp_meta_box_check":"No"},"uagb_featured_image_src":{"full":false,"thumbnail":false,"medium":false,"medium_large":false,"large":false},"uagb_author_info":{"display_name":"Manfred Wolf DE [VERIFIZIERT]","author_link":"https:\/\/www.badetonneholz.de\/at\/author\/admin\/"},"uagb_comment_info":0,"uagb_excerpt":"Wir freuen uns und sind \u00e4u\u00dferst dankbar, bekannt zu geben, dass wir ab dem 24.04.2017 vom European Union Intellectual Property Office (B\u00fcro f\u00fcr geistiges Eigentum der Europ\u00e4ischen Union) offiziell zertifiziert (Zertifizierungsnummer 016147597) und in die Marken der Europ\u00e4ischen Union eingetragen worden sind. Wir haben einen strengen Best\u00e4tigungsprozess durchlaufen, um jedem zu zeigen, dass unsere Marke&hellip;","_links":{"self":[{"href":"https:\/\/www.badetonneholz.de\/at\/wp-json\/wp\/v2\/pages\/7377","targetHints":{"allow":["GET"]}}],"collection":[{"href":"https:\/\/www.badetonneholz.de\/at\/wp-json\/wp\/v2\/pages"}],"about":[{"href":"https:\/\/www.badetonneholz.de\/at\/wp-json\/wp\/v2\/types\/page"}],"author":[{"embeddable":true,"href":"https:\/\/www.badetonneholz.de\/at\/wp-json\/wp\/v2\/users\/1"}],"replies":[{"embeddable":true,"href":"https:\/\/www.badetonneholz.de\/at\/wp-json\/wp\/v2\/comments?post=7377"}],"version-history":[{"count":0,"href":"https:\/\/www.badetonneholz.de\/at\/wp-json\/wp\/v2\/pages\/7377\/revisions"}],"wp:attachment":[{"href":"https:\/\/www.badetonneholz.de\/at\/wp-json\/wp\/v2\/media?parent=7377"}],"curies":[{"name":"wp","href":"https:\/\/api.w.org\/{rel}","templated":true}]}}