{"id":56456,"date":"2023-09-06T06:49:08","date_gmt":"2023-09-06T04:49:08","guid":{"rendered":"https:\/\/www.badetonneholz.de\/?page_id=56456"},"modified":"2023-09-06T06:49:09","modified_gmt":"2023-09-06T04:49:09","slug":"datenschutzerklaerung","status":"publish","type":"page","link":"https:\/\/www.badetonneholz.de\/at\/datenschutzerklaerung\/","title":{"rendered":"Datenschutzerkl\u00e4rung"},"content":{"rendered":"<h3 class=\"wp-block-heading has-text-align-left\">DATENSCHUTZERKL\u00c4RUNG VON TIMBERIN<\/h3>\n<p>Diese Datenschutzerkl\u00e4rung (\u201eDatenschutzerkl\u00e4rung\u201c) gilt f\u00fcr die Erhebung und Verarbeitung personenbezogener Daten:<\/p>\n<p>(i) wenn Sie mit der Website https:\/\/www.badetonneholz.de und https:\/\/www.timberin.de (die \u201eWebsite\u201c) von MB Timberin mit Sitz in der Barsausko Str. 59, Kaunas, Litauen, interagieren;<\/p>\n<p>(ii) wenn Sie ein Produkt kaufen oder andere Dienstleistungen von MB Timberin anfordern, sowohl online auf unserer Website als auch per E-Mail, einschlie\u00dflich der Kontaktaufnahme mit unserem Kundendienst f\u00fcr Kundendienstleistungen nach dem Verkauf oder spezielle Fragen oder W\u00fcnsche;<\/p>\n<p>(iii) wenn wir die Fotos Ihres auf unserer Website gekauften Produkts mit Dritten teilen.<\/p>\n<p>Indem Sie auf diese Website zugreifen und sie nutzen oder uns auf andere Weise Ihre pers\u00f6nlichen Daten zur Verf\u00fcgung stellen, wenn Sie unseren Kundendienst kontaktieren, best\u00e4tigen Sie, dass Sie die Art und Weise, wie wir Ihre personenbezogenen Daten erheben, verarbeiten, nutzen und offenlegen, wie in dieser Datenschutzerkl\u00e4rung beschrieben, verstanden haben.<br \/>\nWir erheben und verarbeiten Ihre personenbezogenen Daten in \u00dcbereinstimmung mit allen anwendbaren Datenschutzgesetzen und -vorschriften, einschlie\u00dflich, aber nicht beschr\u00e4nkt auf die diesbez\u00fcglich von der Europ\u00e4ischen Union erlassenen Gesetze, wie die Verordnung (EU) 2016\/679 des Europ\u00e4ischen Parlaments und des Rates vom 27. April 2016 zum Schutz nat\u00fcrlicher Personen bei der Verarbeitung personenbezogener Daten \u00fcber den freien Datenverkehr und zur Aufhebung der Richtlinie 95\/46\/EG (Datenschutzgrundverordnung), sowie der von den zust\u00e4ndigen Datenschutzbeh\u00f6rden erlassenen Anordnungen und Richtlinien.<\/p>\n<h3 class=\"wp-block-heading\">WELCHE PERSONENBEZOGENEN DATEN WERDEN VERARBEITET?<\/h3>\n<p>Bestimmte Daten werden auf dieser Website mithilfe von Cookies und anderen Tracking-Technologien gesammelt, wie in unserer Cookie-Richtlinie unter COOKIE-RICHTLINIE beschrieben. Durch das aktive Schlie\u00dfen des Cookie-Banners auf der Website und durch das Festlegen Ihrer Cookie-Einstellungen \u00fcber unser TOOL und in Ihrem Browser stimmen Sie der Verwendung von Cookies und \u00e4hnlichen Technologien zu. Wenn Sie mit der Verwendung von Cookies auf diese Weise nicht einverstanden sind, m\u00fcssen Sie Ihre Cookie-Einstellungen entsprechend anpassen. Sie k\u00f6nnen Ihre Einwilligung jederzeit widerrufen und Ihre Cookie-Einstellungen \u00e4ndern. Wenn Sie die von uns eingesetzten Cookies deaktivieren, kann sich dies auf Ihr Nutzererlebnis w\u00e4hrend des Besuchs dieser Website auswirken. Weitere Einzelheiten hierzu finden Sie in unserer <a href=\"https:\/\/www.woodenhottubsale.co.uk\/cookie-policy\/\" target=\"_blank\" rel=\"noopener noreferrer\">COOKIE-RICHTLINIE<\/a>.<br \/>\nDaten, welche Sie uns freiwillig zur Verf\u00fcgung stellen:<br \/>\nWir erheben und verarbeiten:<\/p>\n<ul class=\"wp-block-list\">\n<li>Pers\u00f6nliche Daten, die Sie angeben, wenn Sie mit den Funktionen der Website interagieren, z. B. wenn Sie eine Sofortnachricht direkt \u00fcber die Website senden. Zu diesen pers\u00f6nlichen Daten k\u00f6nnen geh\u00f6ren:<\/li>\n<\/ul>\n<p>&#8211; Ihr Name, Ihre E-Mail-Adresse, Ihre Telefonnummer und andere Informationen, die Sie in Ihrem E-Mail-Inhalt angeben.<\/p>\n<ul class=\"wp-block-list\">\n<li>Pers\u00f6nliche Daten, die Sie beim Kauf von Produkten bei uns angeben. Zu diesen pers\u00f6nlichen Daten k\u00f6nnen geh\u00f6ren:<\/li>\n<\/ul>\n<p>&#8211; Ihr Name, Ihre E-Mail-Adresse, Ihre Telefonnummer, Ihre Anschrift;<br \/>\n&#8211; Ihre Bestellhistorie;<br \/>\n&#8211; Einzelheiten zu Ihrer Transaktion.<\/p>\n<ul class=\"wp-block-list\">\n<li>Pers\u00f6nliche Daten, die Sie angeben, wenn Sie mit unserem Kundendienst in Kontakt treten, z. B. wenn Sie eine Frage zu einem Produkt stellen, eine R\u00fcckmeldung zu einem gekauften Produkt an uns senden, unseren Kundendienst telefonisch um Unterst\u00fctzung bitten oder spezifische Unterst\u00fctzung oder Serviceleistungen anfordern. Zu diesen pers\u00f6nlichen Daten k\u00f6nnen geh\u00f6ren:<\/li>\n<\/ul>\n<p>&#8211; Ihr Name, Ihre E-Mail-Adresse, Ihre Telefonnummer, Ihre Anschrift;<br \/>\n&#8211; Ihre Bestellhistorie;<br \/>\n&#8211; Angaben zu den Gr\u00fcnden, aus denen Sie den Kundendienst kontaktiert haben;<br \/>\n&#8211; den Inhalt Ihrer Kommunikation im Rahmen Ihrer Interaktion mit dem Kundendienst;<br \/>\n&#8211; Ihre privaten Fotos vom gekauften Produkt. Auch dann, wenn auf diesen Fotos dritte Personen zu sehen sind.<\/p>\n<p>Wenn Sie uns personenbezogene Daten von dritten Personen zur Verf\u00fcgung gestellt haben (z. B. wenn Sie bei der Kommunikation mit unserem Kundendienst die E-Mail-Adresse einer dritten Person angeben oder uns ein Foto von einem unserer Produkte senden, auf dem dritte Personen sichtbar sind), best\u00e4tigen Sie hiermit, dass Sie berechtigt sind, uns diese personenbezogenen Daten mitzuteilen, und dass Sie die betreffenden dritten Personen \u00fcber die Verarbeitung ihrer personenbezogenen Daten zu den in dieser Datenschutzerkl\u00e4rung genannten Zwecken informiert haben und, falls erforderlich, ihre Zustimmung dazu eingeholt haben.<\/p>\n<h3 class=\"wp-block-heading\">F\u00dcR WELCHE ZWECKE WERDEN MEINE PERSONENBEZOGENEN DATEN VERARBEITET?<\/h3>\n<p>MB Timberin, als Inhaber, verarbeitet Ihre personenbezogenen Daten f\u00fcr die folgenden Zwecke:<br \/>\n\u2022 Um Ihre K\u00e4ufe von Produkten zu verwalten:<br \/>\n&#8211; dazu geh\u00f6ren alle Aktivit\u00e4ten im Zusammenhang mit dem Kauf von Produkten, wie z. B. Lieferung, Fakturierung, R\u00fcckgabe und Umtausch, R\u00fcckerstattung, falls zutreffend, zahlungsbezogene T\u00e4tigkeiten;<\/p>\n<p>\u2022 Um Ihnen einen Kundendienst bieten zu k\u00f6nnen, einschlie\u00dflich:<br \/>\n&#8211; um Ihnen einen After-Sales-Service zu bieten;<br \/>\n&#8211; um auf Ihre Anfrage(n), Frage(n), Mitteilung(en) oder R\u00fcckmeldung(en) zu antworten;<br \/>\n&#8211; um unseren Verpflichtungen aus den geltenden Gesetzen, Verordnungen und dem Gemeinschaftsrecht nachzukommen und das gesetzliche Recht zu bewerten und zu verteidigen.<\/p>\n<p>\u2022 Um f\u00fcr seine Produkte zu werben, unter Verwendung von zuvor gesendeten R\u00fcckmeldungen, einschlie\u00dflich:<br \/>\n&#8211; Fotos und Texte zur Ver\u00f6ffentlichung auf den TimberIN-Websites und in sozialen Netzwerken.<br \/>\n&#8211; Ihr Name (ohne Nachname), Ihren Wohnort und Ihr Wohnland.<\/p>\n<p>\u2022 Um zuk\u00fcnftigen Kunden zu helfen, TimberIN-Produkte in ihrer jeweiligen Region zu entdecken, indem:<br \/>\n&#8211; wir die E-Mails und Telefonnummern bisheriger Kunden, die ihre R\u00fcckmeldungen und Fotos auf den TimberIN-Websites hinterlassen haben, mit potenziellen Kunden teilen.<\/p>\n<p><span style=\"text-decoration: underline;\">** Hinweis: M\u00f6chte ein Kunde nicht von potenziellen TimberIN-Kunden kontaktiert werden, so muss er dies per E-Mail an albertas@timberin.com kommunizieren. Wir werden dann unverz\u00fcglich die Kontaktdaten aus der Verteilerliste und, falls gefordert, von der TimberIN-Website entfernen.<\/span><\/p>\n<h3 class=\"wp-block-heading\">WELCHE RECHTSGRUNDLAGEN GELTEN F\u00dcR DIE HIER BESCHRIEBENE VERARBEITUNG MEINER PERSONENBEZOGENEN DATEN?<\/h3>\n<p>Wir erheben und verarbeiten Ihre personenbezogenen Daten f\u00fcr die im Abschnitt \u201eF\u00fcr welche Zwecke werden meine personenbezogenen Daten verarbeitet?\u201c beschriebenen Zwecke auf einer der folgenden Rechtsgrundlagen:<br \/>\n\u2022 Die Verarbeitung Ihrer personenbezogenen Daten ist notwendig f\u00fcr die Erf\u00fcllung eines Vertrages mit Ihnen oder um auf Ihren Wunsch vor Vertragsabschluss Schritte zu unternehmen (Artikel 6, 1., (b) DSGVO, Stand: 25. Mai 2018);<br \/>\n\u2022 Die Verarbeitung ist aus Gr\u00fcnden unserer berechtigten Interessen oder der berechtigten Interessen unserer verbundenen Unternehmen oder anderer Dritter erforderlich, und diese Interessen werden nicht durch Ihre Interessen oder Grundrechte und -freiheiten au\u00dfer Kraft gesetzt (Artikel 6, 1., (f) DSGVO, Stand 25. Mai 2018); Zu den berechtigten Interessen, die wir verfolgen, geh\u00f6ren insbesondere unser Interesse, die Vertragsbeziehung mit Ihnen zu verwalten und zu pflegen, auf Ihre spezifischen Anfragen zu antworten, Sie um R\u00fcckmeldung zur Verbesserung unserer Website und unserer Produkte zu bitten oder um sonstige allgemeine Marketingma\u00dfnahmen zu unternehmen.<br \/>\n\u2022 Wenn Ihre ausdr\u00fcckliche Zustimmung zur Verarbeitung Ihrer personenbezogenen Daten wie hier beschrieben erforderlich ist, werden Ihre personenbezogenen Daten auf der Grundlage dieser Zustimmung verarbeitet (Artikel 6, 1., (a) DSGVO, Stand: 25. Mai 2018);<\/p>\n<h3 class=\"wp-block-heading\">WIE LANGE WERDEN MEINE PERSONENBEZOGENEN DATEN VERARBEITET?<\/h3>\n<p>Personenbezogene Daten werden nicht l\u00e4nger als die zur Erreichung der hier beschriebenen spezifischen Datenverarbeitungszwecke erforderliche Zeit aufbewahrt, es sei denn, es gelten k\u00fcrzere oder l\u00e4ngere Aufbewahrungsfristen nach geltendem Recht.<br \/>\nSIND MEINE PERSONENBEZOGENEN DATEN SICHER?<br \/>\nWir sind bem\u00fcht, die Sicherheit und Vertraulichkeit Ihrer personenbezogenen Daten zu gew\u00e4hrleisten. Wir ergreifen geeignete technische und organisatorische Ma\u00dfnahmen, um den Verlust und die Vernichtung von Daten, auch versehentlich, sowie den unbefugten Zugriff auf Daten und die rechtswidrige oder unlautere Verwendung von Daten zu verhindern. Selbiges verlangen wir ebenso von den Dienstleistern und\/oder Drittanbietern, die personenbezogene Daten in unserem Auftrag und auf unsere Anweisung hin verarbeiten. Dar\u00fcber hinaus sind unsere EDV-Systeme und Softwareprogramme so konfiguriert, dass personenbezogene Daten und Identifikationsdaten nur dann verwendet werden, wenn dies zur Erreichung des jeweils gew\u00fcnschten Verarbeitungszwecks erforderlich ist.<br \/>\nWir setzen eine Vielzahl fortschrittlicher Sicherheitstechnologien und -verfahren ein, um personenbezogene Daten vor den oben beschriebenen Risiken zu sch\u00fctzen. Beispielsweise werden die pers\u00f6nlichen Daten der Nutzer auf gesicherten Servern gespeichert, deren Standorte sicherheits\u00fcberwacht werden. Dar\u00fcber hinaus werden die Kundendienstmitarbeiter von MB Timberin dazu verpflichtet, Vertraulichkeitsvereinbarungen zu unterzeichnen, um den Schutz der Daten zu gew\u00e4hrleisten. Mit Drittparteien (z. B. Buchhaltung, Transportunternehmen, staatliche Kontrollinstitute) wurden zudem Vereinbarungen getroffen, die sicherstellen, dass die Daten vertraulich behandelt und nur f\u00fcr die Durchf\u00fchrung der unmittelbaren Dienstleistungen verwendet werden.<br \/>\nBitte beachten Sie jedoch, dass keine elektronische \u00dcbermittlung oder Speicherung von Daten 100 % sicher ist. Daher k\u00f6nnen wir trotz der Sicherheitsma\u00dfnahmen, die wir zum Schutz Ihrer pers\u00f6nlichen Daten getroffen haben, nicht garantieren, dass es zu keinem Verlust, Missbrauch oder \u00c4nderung von Daten kommt.<\/p>\n<h3 class=\"wp-block-heading\">WOHIN GEHEN MEINE PERS\u00d6NLICHEN DATEN?<\/h3>\n<p>Personenbezogene Daten, die \u00fcber unsere Website im Rahmen des Produktverkaufs erhoben werden, werden von MB Timberin verwaltet. Ihre personenbezogenen Daten sind innerhalb unseres Unternehmens f\u00fcr die internen und externen Mitarbeiter zug\u00e4nglich, die aufgrund ihrer Aufgaben im Zusammenhang mit den hier genannten Verarbeitungszwecken darauf zugreifen m\u00fcssen. Wir stellen sicher, dass diese Personen an angemessene Sicherheits- und Geheimhaltungspflichten gebunden sind.<\/p>","protected":false},"excerpt":{"rendered":"<p>DATENSCHUTZERKL\u00c4RUNG VON TIMBERIN Diese Datenschutzerkl\u00e4rung (\u201eDatenschutzerkl\u00e4rung\u201c) gilt f\u00fcr die Erhebung und Verarbeitung personenbezogener Daten: (i) wenn Sie mit der Website https:\/\/www.badetonneholz.de und https:\/\/www.timberin.de (die \u201eWebsite\u201c) von MB Timberin mit Sitz in der Barsausko Str. 59, Kaunas, Litauen, interagieren; (ii) wenn Sie ein Produkt kaufen oder andere Dienstleistungen von MB Timberin anfordern, sowohl online auf unserer [&hellip;]<\/p>\n","protected":false},"author":1,"featured_media":0,"parent":0,"menu_order":0,"comment_status":"closed","ping_status":"closed","template":"","meta":{"_uag_custom_page_level_css":"","footnotes":""},"class_list":["post-56456","page","type-page","status-publish","hentry"],"wppr_data":{"cwp_meta_box_check":"No"},"uagb_featured_image_src":{"full":false,"thumbnail":false,"medium":false,"medium_large":false,"large":false},"uagb_author_info":{"display_name":"Manfred Wolf DE [VERIFIZIERT]","author_link":"https:\/\/www.badetonneholz.de\/at\/author\/admin\/"},"uagb_comment_info":0,"uagb_excerpt":"DATENSCHUTZERKL\u00c4RUNG VON TIMBERIN Diese Datenschutzerkl\u00e4rung (\u201eDatenschutzerkl\u00e4rung\u201c) gilt f\u00fcr die Erhebung und Verarbeitung personenbezogener Daten: (i) wenn Sie mit der Website https:\/\/www.badetonneholz.de und https:\/\/www.timberin.de (die \u201eWebsite\u201c) von MB Timberin mit Sitz in der Barsausko Str. 59, Kaunas, Litauen, interagieren; (ii) wenn Sie ein Produkt kaufen oder andere Dienstleistungen von MB Timberin anfordern, sowohl online auf unserer&hellip;","_links":{"self":[{"href":"https:\/\/www.badetonneholz.de\/at\/wp-json\/wp\/v2\/pages\/56456","targetHints":{"allow":["GET"]}}],"collection":[{"href":"https:\/\/www.badetonneholz.de\/at\/wp-json\/wp\/v2\/pages"}],"about":[{"href":"https:\/\/www.badetonneholz.de\/at\/wp-json\/wp\/v2\/types\/page"}],"author":[{"embeddable":true,"href":"https:\/\/www.badetonneholz.de\/at\/wp-json\/wp\/v2\/users\/1"}],"replies":[{"embeddable":true,"href":"https:\/\/www.badetonneholz.de\/at\/wp-json\/wp\/v2\/comments?post=56456"}],"version-history":[{"count":0,"href":"https:\/\/www.badetonneholz.de\/at\/wp-json\/wp\/v2\/pages\/56456\/revisions"}],"wp:attachment":[{"href":"https:\/\/www.badetonneholz.de\/at\/wp-json\/wp\/v2\/media?parent=56456"}],"curies":[{"name":"wp","href":"https:\/\/api.w.org\/{rel}","templated":true}]}}