{"id":49624,"date":"2021-06-10T06:38:16","date_gmt":"2021-06-10T04:38:16","guid":{"rendered":"https:\/\/www.badetonneholz.de\/?page_id=49624"},"modified":"2025-09-29T19:25:37","modified_gmt":"2025-09-29T17:25:37","slug":"ausstellung-deutschland-timberin-badefass","status":"publish","type":"page","link":"https:\/\/www.badetonneholz.de\/at\/ausstellung-deutschland-timberin-badefass\/","title":{"rendered":"Ausstellung in Deutschland"},"content":{"rendered":"<div class=\"wp-block-columns is-layout-flex wp-container-core-columns-is-layout-9d6595d7 wp-block-columns-is-layout-flex\">\n<div class=\"wp-block-column is-layout-flow wp-block-column-is-layout-flow\">\n<p>der tolle Badespa\u00df aus Litauen von der Firma Timberin ist ab sofort bei uns zu Besichtigen!<br \/>Wir sind von der Firma Timberin so begeistert, dass wir es euch erm\u00f6glichen wollen die beiden Badezuber bei uns vor Ort anzuschauen. Jetzt k\u00f6nnen Sie die Sauna und das Bad 2in1 bei uns mieten. Informationen finden Sie weiter unten<\/p>\n<p><a href=\"https:\/\/www.instagram.com\/viktors_heisse_huette\" target=\"_blank\" rel=\"noreferrer noopener\">https:\/\/www.instagram.com\/viktors_heisse_huette<\/a><\/p>\n<\/div>\n<\/div>\n<div class=\"wp-block-columns is-layout-flex wp-container-core-columns-is-layout-9d6595d7 wp-block-columns-is-layout-flex\">\n<div class=\"wp-block-column is-layout-flow wp-block-column-is-layout-flow\"><\/div>\n<\/div>\n<div class=\"wp-block-uagb-image aligncenter uagb-block-18480369 wp-block-uagb-image--layout-default wp-block-uagb-image--effect-static wp-block-uagb-image--align-center\">\n<figure class=\"wp-block-uagb-image__figure\"><img decoding=\"async\" srcset=\"https:\/\/www.badetonneholz.de\/wp-content\/uploads\/2024\/09\/sauna-tub-2in1-mieten-timberin-2.jpg ,https:\/\/www.badetonneholz.de\/wp-content\/uploads\/2024\/09\/sauna-tub-2in1-mieten-timberin-2.jpg 780w, https:\/\/www.badetonneholz.de\/wp-content\/uploads\/2024\/09\/sauna-tub-2in1-mieten-timberin-2.jpg 360w\" sizes=\"auto, (max-width: 480px) 150px\" src=\"https:\/\/www.badetonneholz.de\/wp-content\/uploads\/2024\/09\/sauna-tub-2in1-mieten-timberin-2.jpg\" alt=\"Sauna Tub 2in1 Mieten Timberin 2\" class=\"uag-image-58113\" width=\"840\" height=\"595\" title=\"Sauna Tub 2in1 Mieten Timberin 2\" loading=\"lazy\" role=\"img\"\/><\/figure>\n<\/div>\n<hr class=\"wp-block-separator has-alpha-channel-opacity\"\/>\n<h1 class=\"wp-block-heading has-text-align-center\">Ausstellung in der Schweiz<\/h1>\n<h3 class=\"wp-block-heading\">Entfliehen Sie der winterlichen K\u00e4lte in der tempor\u00e4ren Sauna am Seeufer von Hauterive.<\/h3>\n<p>Sie k\u00f6nnen die Wohnwagen-Sauna f\u00fcr zwei ungest\u00f6rte Stunden reservieren. Dank dem grossen Fenster geniessen Sie einen wunderbaren Ausblick auf den See, w\u00e4hrend Sie entspannen. Unerschrockene kombinieren Hitze und K\u00e4lte und springen zwischendurch ins Wasser. Weitere Informationen finden Sie unter dem folgenden Link<\/p>\n<p><a href=\"https:\/\/www.j3l.ch\/de\/P127156\/erlebnisse\/sport-freizeit\/wellness\/phenix-sauna\" target=\"_blank\" rel=\"noreferrer noopener\">https:\/\/www.j3l.ch\/de\/P127156\/erlebnisse\/sport-freizeit\/wellness\/phenix-sauna<\/a><\/p>\n<figure class=\"wp-block-image size-full\"><img decoding=\"async\" width=\"860\" height=\"589\" src=\"https:\/\/www.badetonneholz.de\/wp-content\/uploads\/2025\/08\/Aussensauna-Iglu-Pod.jpg\" alt=\"Aussensauna Iglu Pod\" class=\"wp-image-58870\" title=\"\" srcset=\"https:\/\/www.badetonneholz.de\/wp-content\/uploads\/2025\/08\/Aussensauna-Iglu-Pod.jpg 860w, https:\/\/www.badetonneholz.de\/wp-content\/uploads\/2025\/08\/Aussensauna-Iglu-Pod-300x205.jpg 300w, https:\/\/www.badetonneholz.de\/wp-content\/uploads\/2025\/08\/Aussensauna-Iglu-Pod-768x526.jpg 768w\" sizes=\"(max-width: 860px) 100vw, 860px\" \/><\/figure>\n<hr class=\"wp-block-separator has-alpha-channel-opacity\"\/>\n<h1 class=\"wp-block-heading has-text-align-center\">Ausstellung in Deutschland<\/h1>\n<p>Das Haupthaus beherbergt drei Ferienwohnungen zwischen 120 und 260 Quadratmetern, jeweils \u00fcber 2 Etagen. Alle Wohnungen verf\u00fcgen \u00fcber gro\u00dfz\u00fcgige Wohn-Essbereiche und S\u00fcd-Terrassen. Im weitl\u00e4ufigen Garten befindet sich ein vielseitiger Baumbestand und ein Teich mit Enten, ein gro\u00dfes Trampolin und Fu\u00dfballtore f\u00fcr die kleinen G\u00e4ste. Weitere Informationen:<\/p>\n<p><a href=\"https:\/\/www.hofsand.de\" target=\"_blank\" rel=\"noreferrer noopener\">https:\/\/www.hofsand.de<\/a><\/p>\n<p><a href=\"https:\/\/www.instagram.com\/fewo.hofsand\/\" target=\"_blank\" rel=\"noreferrer noopener\">https:\/\/www.instagram.com\/fewo.hofsand\/<\/a><\/p>\n<figure class=\"wp-block-video aligncenter\"><video height=\"1280\" style=\"aspect-ratio: 708 \/ 1280;\" width=\"708\" controls src=\"https:\/\/www.badetonneholz.de\/wp-content\/uploads\/2025\/09\/video-output-E0019669-2675-46A8-9ABE-3B2A9F49D7C0-2-1.mov\"><\/video><\/figure>","protected":false},"excerpt":{"rendered":"<p>der tolle Badespa\u00df aus Litauen von der Firma Timberin ist ab sofort bei uns zu Besichtigen!Wir sind von der Firma Timberin so begeistert, dass wir es euch erm\u00f6glichen wollen die beiden Badezuber bei uns vor Ort anzuschauen. Jetzt k\u00f6nnen Sie die Sauna und das Bad 2in1 bei uns mieten. Informationen finden Sie weiter unten https:\/\/www.instagram.com\/viktors_heisse_huette [&hellip;]<\/p>\n","protected":false},"author":1,"featured_media":0,"parent":0,"menu_order":0,"comment_status":"closed","ping_status":"closed","template":"","meta":{"_uag_custom_page_level_css":"","footnotes":""},"class_list":["post-49624","page","type-page","status-publish","hentry"],"wppr_data":{"cwp_meta_box_check":"No"},"uagb_featured_image_src":{"full":false,"thumbnail":false,"medium":false,"medium_large":false,"large":false},"uagb_author_info":{"display_name":"Manfred Wolf DE [VERIFIZIERT]","author_link":"https:\/\/www.badetonneholz.de\/at\/author\/admin\/"},"uagb_comment_info":0,"uagb_excerpt":"der tolle Badespa\u00df aus Litauen von der Firma Timberin ist ab sofort bei uns zu Besichtigen!Wir sind von der Firma Timberin so begeistert, dass wir es euch erm\u00f6glichen wollen die beiden Badezuber bei uns vor Ort anzuschauen. Jetzt k\u00f6nnen Sie die Sauna und das Bad 2in1 bei uns mieten. Informationen finden Sie weiter unten https:\/\/www.instagram.com\/viktors_heisse_huette&hellip;","_links":{"self":[{"href":"https:\/\/www.badetonneholz.de\/at\/wp-json\/wp\/v2\/pages\/49624","targetHints":{"allow":["GET"]}}],"collection":[{"href":"https:\/\/www.badetonneholz.de\/at\/wp-json\/wp\/v2\/pages"}],"about":[{"href":"https:\/\/www.badetonneholz.de\/at\/wp-json\/wp\/v2\/types\/page"}],"author":[{"embeddable":true,"href":"https:\/\/www.badetonneholz.de\/at\/wp-json\/wp\/v2\/users\/1"}],"replies":[{"embeddable":true,"href":"https:\/\/www.badetonneholz.de\/at\/wp-json\/wp\/v2\/comments?post=49624"}],"version-history":[{"count":0,"href":"https:\/\/www.badetonneholz.de\/at\/wp-json\/wp\/v2\/pages\/49624\/revisions"}],"wp:attachment":[{"href":"https:\/\/www.badetonneholz.de\/at\/wp-json\/wp\/v2\/media?parent=49624"}],"curies":[{"name":"wp","href":"https:\/\/api.w.org\/{rel}","templated":true}]}}