{"id":3119,"date":"2014-08-01T12:02:39","date_gmt":"2014-08-01T12:02:39","guid":{"rendered":"http:\/\/badetonneholz.de\/?page_id=3119"},"modified":"2017-04-20T23:00:35","modified_gmt":"2017-04-20T21:00:35","slug":"kaufprozess","status":"publish","type":"page","link":"https:\/\/www.badetonneholz.de\/at\/kaufprozess\/","title":{"rendered":"Kaufprozess"},"content":{"rendered":"<h1>Sehr geehrter Kunde,<\/h1>\n<p>Unsere Website System ist sehr individuell gestaltet. Sie haben einen Bestellwunsch und wollen eines unserer Produkte ordern? So funktioniert es:<\/p>\n<ol>\n<li>Bitte senden Sie uns Ihr Wunschmodell als Auftragswunsch. <strong>Bitte beachten Sie, dass dies&nbsp;noch kein&nbsp;Auftrag ist! Erst nach Pr\u00fcfung durch uns erhalten Sie eine Best\u00e4tigung.<\/strong> Dieses System&nbsp;wurde entwickelt, um die Kommunikation zu erleichtern. Nachdem Sie uns Ihren Bestellwunsch \/ Order mitgeteilt haben ggf. inklusive dem was ge\u00e4ndert oder hinzugef\u00fcgt werden soll, pr\u00fcfen wir den Preis und kontaktieren Sie in 24-48 Stunden.&nbsp;Sie erhalten dann einen Auftrag mit Auftragsnummer und weitere Anweisungen und Hinweise zur Zahlung und Abwicklung.<\/li>\n<\/ol>\n<div class=\"border-line\"><\/div>\n<h1>Regelung zur Mehrwertsteuer:<\/h1>\n<p>Alle Preise auf unserer Webseite beinhalten 21% Mwst.&nbsp;Wichtig:<\/p>\n<ul>\n<li><span style=\"color: #ff0000;\"><strong>Frage: Ich komme aus einem nicht-EU Land (Beispiel: Norwegen oder Schweiz), muss ich doppelte Mwst. bezahlen?<\/strong><\/span><\/li>\n<li><span style=\"text-decoration: underline;\">Antwort: Nein, Sie m\u00fcssen keine doppelte Mwst. bezahlen. Wir werden 21 % von den Preisen auf unserer Webseite abziehen.<\/span><\/li>\n<\/ul>\n<p>&nbsp;<\/p>\n<ul>\n<li><span style=\"color: #ff0000;\"><strong>Frage: Ich komme aus einem EU-Land (Beispiel: GB, Deutschland, Frankreich, etc.), muss ich doppelte Mwst. bezahlen?<\/strong><\/span><\/li>\n<li><span style=\"text-decoration: underline;\">Antwort: Nein, die Preise auf unserer Webseite beinhalten die Mwst. Sie m\u00fcssen keine weitere Mwst. in Ihrem Land bezahlen. Dies entspricht den EU-Handelsregeln.<\/span><\/li>\n<\/ul>\n<ul>\n<li><span style=\"color: #ff0000;\"><strong>Frage: Einkauf mit einem g\u00fcltigen Mwst Code. Kann ich eine Rechnung mit 0 % Mwst. erhalten?<\/strong><\/span><\/li>\n<li><span style=\"text-decoration: underline;\">Antwort: Ja, wir werden die Rechnung mit 0 % Mwst. ausstellen.<\/span><\/li>\n<\/ul>\n<p>Bitte \u00fcberpr\u00fcfen Sie hier die G\u00fcltigkeit Ihres Mwst. Codes: <a href=\"http:\/\/ec.europa.eu\/taxation_customs\/vies\/?locale=de\" target=\"_blank\" rel=\"noopener\">http:\/\/ec.europa.eu\/taxation_customs\/vies\/?locale=de<\/a><\/p>\n<div class=\"border-line\"><\/div>\n<h1>Zahlungsmethoden:<\/h1>\n<div class=\"border-line\"><\/div>\n<p><span style=\"text-decoration: underline;\"><em>Wir akzeptieren:<\/em><\/span><\/p>\n<ul>\n<li>Direkte <strong>Bank\u00fcberweisungen;<\/strong><img decoding=\"async\" class=\"alignright size-medium wp-image-12543\" src=\"https:\/\/www.badetonneholz.de\/wp-content\/uploads\/2014\/08\/payment-methods-300x259.jpg\" alt=\"payment methods\" width=\"300\" height=\"259\" title=\"\" srcset=\"https:\/\/www.badetonneholz.de\/wp-content\/uploads\/2014\/08\/payment-methods-300x259.jpg 300w, https:\/\/www.badetonneholz.de\/wp-content\/uploads\/2014\/08\/payment-methods.jpg 362w\" sizes=\"(max-width: 300px) 100vw, 300px\" \/><\/li>\n<li>Direkt\u00fcbertragungen <strong>Paypal<\/strong> und alle g\u00e4ngigen Kreditkarten (<strong>Kredit-, Debit<\/strong>-) (extra Paypal Geb\u00fchren 1,5%);<\/li>\n<li>Bitte <strong>informieren<\/strong> Sie uns \u00fcber die <strong>Zahlungsmethode<\/strong>.<\/li>\n<\/ul>\n<p>&nbsp;<\/p>\n<div class=\"border-line\"><\/div>\n<h1><span lang=\"DE\" style=\"font-family: 'Georgia',serif; color: black;\">Wenn Sie bereits \u00fcber Ihr gew\u00fcnschtes Modell&nbsp;ausgew\u00e4hlt:<\/span><\/h1>\n<ol>\n<li>Legen Sie es bitte in den Warenkorb durch Klick auf die gr\u00fcne Taste am Ende in der N\u00e4he von jedem Modell.<\/li>\n<li>Jetzt haben Sie Ihre&nbsp;Auswahl in den Warenkorb gelegt, der sich in der obersten rechten Ecke der Website befindet.<\/li>\n<li>Sp\u00e4ter folgen Schritt f\u00fcr Schritt Vorschl\u00e4ge \/ Hinweise. Bitte f\u00fcllen Sie die erforderlichen Felder aus.<\/li>\n<li>Bitte beachten Sie, dass Sie alle Felder ausf\u00fcllen die notwendig sind.<\/li>\n<\/ol>\n<h2><strong>Der Kaufprozess :<\/strong><\/h2>\n<ol>\n<li>Diskussion \u00fcber das Produkt (wir antworten Ihnen in 24 Stunden);<\/li>\n<li>Der Vertrag zwischen dem Kunden und Unternehmen ist zu unterschreiben;<\/li>\n<li>Wir schicken Ihnen die Rechnung innerhalb von 24 Stunden;<\/li>\n<li>Alle Informationen \u00fcber die Bezahlung sind in die Rechnung eingetragen.<\/li>\n<\/ol>","protected":false},"excerpt":{"rendered":"<p>Sehr geehrter Kunde, Unsere Website System ist sehr individuell gestaltet. Sie haben einen Bestellwunsch und wollen eines unserer Produkte ordern? So funktioniert es: Bitte senden Sie uns Ihr Wunschmodell als Auftragswunsch. Bitte beachten Sie, dass dies&nbsp;noch kein&nbsp;Auftrag ist! Erst nach Pr\u00fcfung durch uns erhalten Sie eine Best\u00e4tigung. Dieses System&nbsp;wurde entwickelt, um die Kommunikation zu erleichtern. [&hellip;]<\/p>\n","protected":false},"author":1,"featured_media":0,"parent":0,"menu_order":0,"comment_status":"closed","ping_status":"open","template":"","meta":{"_uag_custom_page_level_css":"","footnotes":""},"class_list":["post-3119","page","type-page","status-publish","hentry"],"wppr_data":[],"uagb_featured_image_src":{"full":false,"thumbnail":false,"medium":false,"medium_large":false,"large":false},"uagb_author_info":{"display_name":"Manfred Wolf DE [VERIFIZIERT]","author_link":"https:\/\/www.badetonneholz.de\/at\/author\/admin\/"},"uagb_comment_info":0,"uagb_excerpt":"Sehr geehrter Kunde, Unsere Website System ist sehr individuell gestaltet. Sie haben einen Bestellwunsch und wollen eines unserer Produkte ordern? So funktioniert es: Bitte senden Sie uns Ihr Wunschmodell als Auftragswunsch. Bitte beachten Sie, dass dies&nbsp;noch kein&nbsp;Auftrag ist! Erst nach Pr\u00fcfung durch uns erhalten Sie eine Best\u00e4tigung. Dieses System&nbsp;wurde entwickelt, um die Kommunikation zu erleichtern.&hellip;","_links":{"self":[{"href":"https:\/\/www.badetonneholz.de\/at\/wp-json\/wp\/v2\/pages\/3119","targetHints":{"allow":["GET"]}}],"collection":[{"href":"https:\/\/www.badetonneholz.de\/at\/wp-json\/wp\/v2\/pages"}],"about":[{"href":"https:\/\/www.badetonneholz.de\/at\/wp-json\/wp\/v2\/types\/page"}],"author":[{"embeddable":true,"href":"https:\/\/www.badetonneholz.de\/at\/wp-json\/wp\/v2\/users\/1"}],"replies":[{"embeddable":true,"href":"https:\/\/www.badetonneholz.de\/at\/wp-json\/wp\/v2\/comments?post=3119"}],"version-history":[{"count":0,"href":"https:\/\/www.badetonneholz.de\/at\/wp-json\/wp\/v2\/pages\/3119\/revisions"}],"wp:attachment":[{"href":"https:\/\/www.badetonneholz.de\/at\/wp-json\/wp\/v2\/media?parent=3119"}],"curies":[{"name":"wp","href":"https:\/\/api.w.org\/{rel}","templated":true}]}}