{"id":172,"date":"2013-12-11T10:53:01","date_gmt":"2013-12-11T08:53:01","guid":{"rendered":"https:\/\/moreta.lt\/projektai\/timberin\/?page_id=172"},"modified":"2026-04-29T12:23:16","modified_gmt":"2026-04-29T10:23:16","slug":"home","status":"publish","type":"page","link":"https:\/\/www.badetonneholz.de\/at\/","title":{"rendered":""},"content":{"rendered":"<div class=\"ti-home-fix\">\n<h1 class=\"ti-title\">TimberIN\u00ae Deutschland \u2013 Ihr Hersteller f\u00fcr Outdoor-Wellness<\/h1>\n<p class=\"ti-subtitle\" style=\"font-weight:500;\">\n    <strong>TimberIN\u00ae<\/strong> ist der f\u00fchrende europ\u00e4ische Hersteller f\u00fcr hochwertige Wellness-L\u00f6sungen im Au\u00dfenbereich. Wir bieten handgefertigte Systeme direkt ab Werk f\u00fcr Privatg\u00e4rten, Ferienh\u00e4user und gewerbliche Projekte.\n  <\/p>\n<p class=\"ti-subtitle\">\n    Entdecken Sie unser gesamtes Sortiment: von exklusiven <strong>Gartensaunen<\/strong> und <strong>skandinavischen Badef\u00e4ssern<\/strong> bis hin zu effizienten Heizsystemen und Kaltwasserbecken \u2013 deutschlandweit direkt vom Hersteller geliefert.\n  <\/p>\n<ul class=\"ti-trust-pills\" data-no-translate=\"true\">\n<li><span class=\"ti-check\"><\/span> Direkt vom Hersteller<\/li>\n<li><span class=\"ti-check\"><\/span> Deutschlandweite Lieferung<\/li>\n<li><span class=\"ti-check\"><\/span> Handgefertigt in Europa<\/li>\n<li><span class=\"ti-check\"><\/span> Pers\u00f6nliche Fachberatung<\/li>\n<li><span class=\"ti-check\"><\/span> 1.000+ zufriedene Kunden<\/li>\n<\/ul>\n<div class=\"ti-trustpilot-inline\" data-no-translate=\"true\">\n<div class=\"ti-trustpilot-note\">\n      Verifizierte Kundenbewertungen f\u00fcr <strong>TimberIN\u00ae<\/strong>\n    <\/div>\n<div class=\"trustpilot-widget\"\n      data-locale=\"de-DE\"\n      data-template-id=\"5419b6a8b0d04a076446a9ad\"\n      data-businessunit-id=\"55a03a130000ff000580f634\"\n      data-style-height=\"50px\"\n      data-style-width=\"260px\"\n      data-theme=\"light\"><br \/>\n      <a href=\"https:\/\/de.trustpilot.com\/review\/timberin.com\" target=\"_blank\" rel=\"noopener noreferrer\"><br \/>\n        Trustpilot<br \/>\n      <\/a>\n    <\/div>\n<\/p><\/div>\n<div class=\"ti-card\">\n    <a href=\"https:\/\/www.badetonneholz.de\/at\/badefass\/\" target=\"_blank\" rel=\"noopener noreferrer\"><\/p>\n<div class=\"ti-imgwrap\">\n        <img decoding=\"async\" src=\"https:\/\/www.badetonneholz.de\/wp-content\/uploads\/2025\/06\/IMG_20201212_161443-scaled.jpg\" alt=\"TimberIN Badefass &#038; Hot Tub Modelle aus Holz\" title=\"\">\n      <\/div>\n<h3>Badef\u00e4sser f\u00fcr Outdoor-Wellness<\/h3>\n<p>Modelle, Varianten und Informationen zu unseren Badef\u00e4ssern aus Holz.<\/p>\n<p>      <span class=\"ti-btn\">Badef\u00e4sser &#038; Hot Tubs ansehen \u2192<\/span><br \/>\n    <\/a>\n  <\/div>\n<div class=\"ti-card\">\n    <a href=\"https:\/\/www.badetonneholz.de\/at\/gartensauna-kaufen-oesterreich\/\" target=\"_blank\" rel=\"noopener noreferrer\"><\/p>\n<div class=\"ti-imgwrap\">\n        <img decoding=\"async\" src=\"https:\/\/www.badetonneholz.de\/wp-content\/uploads\/2014\/11\/Holz-Fasssauna-mit-Holzofen-Vorraum-Bausatz-5-scaled.jpeg\" alt=\"Gartensauna und Au\u00dfensauna Katalog von TimberIN\" title=\"\">\n      <\/div>\n<h3>Au\u00dfensaunen &#038; Gartensaunen<\/h3>\n<p>Verschiedene Saunaformen f\u00fcr Garten, Ferienhaus und Wellnessbereiche.<\/p>\n<p>      <span class=\"ti-btn\">Gartensauna Katalog entdecken \u2192<\/span><br \/>\n    <\/a>\n  <\/div>\n<div class=\"ti-card\">\n    <a href=\"https:\/\/www.badetonneholz.de\/at\/ofen-fuer-badefass-osterreich\/\" target=\"_blank\" rel=\"noopener noreferrer\"><\/p>\n<div class=\"ti-imgwrap\">\n        <img decoding=\"async\" src=\"https:\/\/www.badetonneholz.de\/wp-content\/uploads\/2021\/09\/Badezuber-GFK-mit-Aussenofen-Holzofen-\u2013-Gasofen-4.jpg\" alt=\"Heizsysteme und \u00d6fen f\u00fcr Badef\u00e4sser\" title=\"\">\n      <\/div>\n<h3>Heizl\u00f6sungen &#038; Zubeh\u00f6r<\/h3>\n<p>Holz-, Gas- und Heizl\u00f6sungen f\u00fcr Badef\u00e4sser und Wellnessprodukte.<\/p>\n<p>      <span class=\"ti-btn\">\u00d6fen &#038; Heizsysteme w\u00e4hlen \u2192<\/span><br \/>\n    <\/a>\n  <\/div>\n<div class=\"ti-card\">\n    <a href=\"https:\/\/www.badetonneholz.de\/at\/fassdusche\/\" target=\"_blank\" rel=\"noopener noreferrer\"><\/p>\n<div class=\"ti-imgwrap\">\n        <img decoding=\"async\" src=\"https:\/\/www.badetonneholz.de\/wp-content\/uploads\/2014\/12\/Dusche-aus-holz-1.jpg\" alt=\"Gartendusche und Fassdusche aus Holz\" title=\"\">\n      <\/div>\n<h3>Fassduschen f\u00fcr Garten &#038; Sauna<\/h3>\n<p>Stilvolle Holzduschen als perfekte Erg\u00e4nzung zu Sauna und Badefass.<\/p>\n<p>      <span class=\"ti-btn\">Au\u00dfenduschen aus Holz w\u00e4hlen \u2192<\/span><br \/>\n    <\/a>\n  <\/div>\n<div class=\"ti-card\">\n    <a href=\"https:\/\/www.badetonneholz.de\/at\/gartenhuette\/\" target=\"_blank\" rel=\"noopener noreferrer\"><\/p>\n<div class=\"ti-imgwrap\">\n        <img decoding=\"async\" src=\"https:\/\/www.badetonneholz.de\/wp-content\/uploads\/2019\/08\/Kleine-Gartenhuette-Holzhuette-8.jpg\" alt=\"Gartenh\u00fctten und Holzh\u00fctten f\u00fcr den Au\u00dfenbereich\" title=\"\">\n      <\/div>\n<h3>Gartenh\u00fctten &#038; Holzh\u00fctten<\/h3>\n<p>Moderne Gartenh\u00fctten aus Holz als Stauraum, R\u00fcckzugsort oder Erg\u00e4nzung f\u00fcr Outdoor-Wellness.<\/p>\n<p>      <span class=\"ti-btn\">Gartenh\u00fctten Sortiment entdecken \u2192<\/span><br \/>\n    <\/a>\n  <\/div>\n<div class=\"ti-card\">\n    <a href=\"https:\/\/www.badetonneholz.de\/at\/eistonne\/\" target=\"_blank\" rel=\"noopener noreferrer\"><\/p>\n<div class=\"ti-imgwrap\">\n        <img decoding=\"async\" src=\"https:\/\/www.badetonneholz.de\/wp-content\/uploads\/2024\/09\/Eisfass-Eistonne-Eisbad-kaufen-23-scaled.jpg\" alt=\"Eistonne und Eisbad zur Kaltwasser-Regeneration\" title=\"\">\n      <\/div>\n<h3>Eistonnen &#038; Eisf\u00e4sser<\/h3>\n<p>Professionelle Eisbad- und Kaltwasserl\u00f6sungen zur Regeneration, f\u00fcr Sport und Wellness.<\/p>\n<p>      <span class=\"ti-btn\">Eistonnen zur Regeneration \u2192<\/span><br \/>\n    <\/a>\n  <\/div>\n<div class=\"ti-contact-wrap\">\n    <a class=\"ti-btn ti-btn-contact\" href=\"https:\/\/www.badetonneholz.de\/at\/kontaktieren-uns\/\" target=\"_blank\" rel=\"noopener noreferrer\"><br \/>\n      Individuelles Angebot anfordern<br \/>\n    <\/a>\n  <\/div>\n<\/div>\n<p><script type=\"application\/ld+json\">{\n    \"@context\": \"https:\\\/\\\/schema.org\",\n    \"@type\": \"WebPage\",\n    \"@id\": \"https:\\\/\\\/www.badetonneholz.de\\\/#webpage\",\n    \"url\": \"https:\\\/\\\/www.badetonneholz.de\\\/\",\n    \"name\": \"TimberIN\\u00ae Deutschland | Hersteller f\\u00fcr Saunen & Badef\\u00e4sser\",\n    \"description\": \"Offizielle deutsche Website von TimberIN\\u00ae. Wir sind europ\\u00e4ischer Hersteller von handgefertigten Badef\\u00e4ssern, Gartensaunen und exklusiven Outdoor-Wellness-L\\u00f6sungen.\",\n    \"isPartOf\": {\n        \"@id\": \"https:\\\/\\\/www.badetonneholz.de\\\/#website\"\n    },\n    \"about\": {\n        \"@id\": \"https:\\\/\\\/www.badetonneholz.de\\\/#organization\"\n    },\n    \"primaryImageOfPage\": {\n        \"@id\": \"https:\\\/\\\/www.badetonneholz.de\\\/wp-content\\\/uploads\\\/2022\\\/02\\\/TimberIN-logo-new-2020-V4.jpg\"\n    }\n}<\/script><\/p>","protected":false},"excerpt":{"rendered":"<p>TimberIN\u00ae Deutschland \u2013 Ihr Hersteller f\u00fcr Outdoor-Wellness TimberIN\u00ae ist der f\u00fchrende europ\u00e4ische Hersteller f\u00fcr hochwertige Wellness-L\u00f6sungen im Au\u00dfenbereich. Wir bieten handgefertigte Systeme direkt ab Werk f\u00fcr Privatg\u00e4rten, Ferienh\u00e4user und gewerbliche Projekte. Entdecken Sie unser gesamtes Sortiment: von exklusiven Gartensaunen und skandinavischen Badef\u00e4ssern bis hin zu effizienten Heizsystemen und Kaltwasserbecken \u2013 deutschlandweit direkt vom Hersteller geliefert. [&hellip;]<\/p>\n","protected":false},"author":1,"featured_media":58833,"parent":0,"menu_order":0,"comment_status":"closed","ping_status":"open","template":"home.php","meta":{"_uag_custom_page_level_css":"","footnotes":""},"class_list":["post-172","page","type-page","status-publish","has-post-thumbnail","hentry"],"wppr_data":{"cwp_meta_box_check":"No","cwp_rev_product_name":"Badetonne - Badezuber - Badefass","_wppr_review_template":"default","cwp_rev_product_image":"https:\/\/www.badetonneholz.de\/wp-content\/uploads\/2019\/03\/TimberIN-badetonne-fasssauna.jpg","cwp_image_link":"image","wppr_links":[],"cwp_rev_price":"1790","wppr_pros":["Mehr Zeit mit Familie und Freunden","Schneller Aufbau und Lieferung","Holz oder Elektroofen m\u00f6glich","",""],"wppr_cons":["Preiswert kaufen","Notwendige Vorbereitungen","","",""],"wppr_rating":"98.75","wppr_options":{"1":{"name":"Verschiedene sch\u00f6ne Designs","value":"95"},"2":{"name":"Leistungsstarke Modelle","value":"100"},"3":{"name":"Interne oder externe Modelle","value":"100"},"4":{"name":"Aus hochwertigem Stahl","value":"100"}}},"uagb_featured_image_src":{"full":["https:\/\/www.badetonneholz.de\/wp-content\/uploads\/2003\/02\/Badefass-Hot-Tube-Whirlpool-mit-Holzofen-\u2013-TimberIN-Rojal-4.jpeg",1512,2016,false],"thumbnail":["https:\/\/www.badetonneholz.de\/wp-content\/uploads\/2003\/02\/Badefass-Hot-Tube-Whirlpool-mit-Holzofen-\u2013-TimberIN-Rojal-4-150x150.jpeg",150,150,true],"medium":["https:\/\/www.badetonneholz.de\/wp-content\/uploads\/2003\/02\/Badefass-Hot-Tube-Whirlpool-mit-Holzofen-\u2013-TimberIN-Rojal-4-300x400.jpeg",300,400,true],"medium_large":["https:\/\/www.badetonneholz.de\/wp-content\/uploads\/2003\/02\/Badefass-Hot-Tube-Whirlpool-mit-Holzofen-\u2013-TimberIN-Rojal-4.jpeg",null,null,true],"large":["https:\/\/www.badetonneholz.de\/wp-content\/uploads\/2003\/02\/Badefass-Hot-Tube-Whirlpool-mit-Holzofen-\u2013-TimberIN-Rojal-4-700x933.jpeg",700,933,true]},"uagb_author_info":{"display_name":"Manfred Wolf DE [VERIFIZIERT]","author_link":"https:\/\/www.badetonneholz.de\/at\/author\/admin\/"},"uagb_comment_info":1,"uagb_excerpt":"TimberIN\u00ae Deutschland \u2013 Ihr Hersteller f\u00fcr Outdoor-Wellness TimberIN\u00ae ist der f\u00fchrende europ\u00e4ische Hersteller f\u00fcr hochwertige Wellness-L\u00f6sungen im Au\u00dfenbereich. Wir bieten handgefertigte Systeme direkt ab Werk f\u00fcr Privatg\u00e4rten, Ferienh\u00e4user und gewerbliche Projekte. Entdecken Sie unser gesamtes Sortiment: von exklusiven Gartensaunen und skandinavischen Badef\u00e4ssern bis hin zu effizienten Heizsystemen und Kaltwasserbecken \u2013 deutschlandweit direkt vom Hersteller geliefert.&hellip;","_links":{"self":[{"href":"https:\/\/www.badetonneholz.de\/at\/wp-json\/wp\/v2\/pages\/172","targetHints":{"allow":["GET"]}}],"collection":[{"href":"https:\/\/www.badetonneholz.de\/at\/wp-json\/wp\/v2\/pages"}],"about":[{"href":"https:\/\/www.badetonneholz.de\/at\/wp-json\/wp\/v2\/types\/page"}],"author":[{"embeddable":true,"href":"https:\/\/www.badetonneholz.de\/at\/wp-json\/wp\/v2\/users\/1"}],"replies":[{"embeddable":true,"href":"https:\/\/www.badetonneholz.de\/at\/wp-json\/wp\/v2\/comments?post=172"}],"version-history":[{"count":0,"href":"https:\/\/www.badetonneholz.de\/at\/wp-json\/wp\/v2\/pages\/172\/revisions"}],"wp:featuredmedia":[{"embeddable":true,"href":"https:\/\/www.badetonneholz.de\/at\/wp-json\/wp\/v2\/media\/58833"}],"wp:attachment":[{"href":"https:\/\/www.badetonneholz.de\/at\/wp-json\/wp\/v2\/media?parent=172"}],"curies":[{"name":"wp","href":"https:\/\/api.w.org\/{rel}","templated":true}]}}